{"id":139,"date":"2022-09-26T18:48:45","date_gmt":"2022-09-26T16:48:45","guid":{"rendered":"http:\/\/happy-little-llama.com\/?post_type=product&#038;p=139"},"modified":"2024-03-19T13:22:46","modified_gmt":"2024-03-19T12:22:46","slug":"ko-kai","status":"publish","type":"product","link":"https:\/\/happy-little-llama.com\/de\/buch\/ko-kai\/","title":{"rendered":"Thai Schreiben Lernen: Ko Kai"},"content":{"rendered":"<p>&#8222;Ko Kai&#8220; ist ein sch\u00f6nes Buch zum Nachzeichnen von Thai Buchstaben, damit Kinder lernen, das thail\u00e4ndische Alphabet zu schreiben. Da jede Seite auch ein liebevolles Ausmalbild enth\u00e4lt, kann dein Kind mit diesem Buch auf spielerische Weise die thail\u00e4ndische Handschrift lernen und \u00fcben. Ein perfektes \u00dcbungsbuch f\u00fcr thail\u00e4ndische Lehrer oder Eltern, die Homeschooling machen und auch eine tolle Geschenkidee f\u00fcr Geburtstage usw.<\/p>\n<h4><strong><span class=\"a-text-bold\">&#8222;Ko Kai&#8220; Thai Schreibheft Eigenschaften:<\/span><\/strong><\/h4>\n<ul class=\"a-unordered-list a-vertical\">\n<li><span class=\"a-list-item\">50 Seiten auf wei\u00dfem Papier<\/span><\/li>\n<li><span class=\"a-list-item\">Jeder thail\u00e4ndische Buchstabe des thail\u00e4ndischen Alphabets ist vertreten (44 Konsonanten)<\/span><\/li>\n<li><span class=\"a-list-item\">Deutsche \u00dcbersetzung + Ausmalbild f\u00fcr jeden thail\u00e4ndischen Konsonantennamen<\/span><\/li>\n<li><span class=\"a-list-item\">Thail\u00e4ndische Zahlen von 0 bis 9<\/span><\/li>\n<li><span class=\"a-list-item\">Geeignet f\u00fcr Kinder ab 3 oder 4 Jahren<\/span><\/li>\n<li><span class=\"a-list-item\">Gr\u00f6\u00dfe: 6 x 9 Zoll (etwa A5)<\/span><\/li>\n<li><span class=\"a-list-item\">Ein sch\u00f6nes Buch f\u00fcr Kinder, die lernen m\u00f6chten, auf einfache und unterhaltsame Weise Thai zu schreiben<\/span><\/li>\n<\/ul>\n<p>\ud83e\udc46 <a href=\"https:\/\/www.etsy.com\/de\/listing\/1197275588\/thai-schreiben-lernen-fur-kinder-48\" target=\"_blank\" rel=\"noopener\"><strong>Auch verf\u00fcgbar als druckbares PDF auf Etsy<\/strong><\/a><\/p>\n","protected":false},"excerpt":{"rendered":"<h3>Thai Schreib Alphabet f\u00fcr Kinder, Schreibheft zum Lernen und \u00dcben der thail\u00e4ndischen Schrift<\/h3>\n","protected":false},"featured_media":260,"template":"","meta":{"_acf_changed":false,"site-sidebar-layout":"default","site-content-layout":"default","ast-site-content-layout":"default","site-content-style":"default","site-sidebar-style":"default","ast-global-header-display":"","ast-banner-title-visibility":"","ast-main-header-display":"","ast-hfb-above-header-display":"","ast-hfb-below-header-display":"","ast-hfb-mobile-header-display":"","site-post-title":"","ast-breadcrumbs-content":"","ast-featured-img":"","footer-sml-layout":"","ast-disable-related-posts":"","theme-transparent-header-meta":"default","adv-header-id-meta":"","stick-header-meta":"","header-above-stick-meta":"","header-main-stick-meta":"","header-below-stick-meta":"","astra-migrate-meta-layouts":"set","ast-page-background-enabled":"default","ast-page-background-meta":{"desktop":{"background-color":"var(--ast-global-color-4)","background-image":"","background-repeat":"repeat","background-position":"center center","background-size":"auto","background-attachment":"scroll","background-type":"","background-media":"","overlay-type":"","overlay-color":"","overlay-opacity":"","overlay-gradient":""},"tablet":{"background-color":"","background-image":"","background-repeat":"repeat","background-position":"center center","background-size":"auto","background-attachment":"scroll","background-type":"","background-media":"","overlay-type":"","overlay-color":"","overlay-opacity":"","overlay-gradient":""},"mobile":{"background-color":"","background-image":"","background-repeat":"repeat","background-position":"center center","background-size":"auto","background-attachment":"scroll","background-type":"","background-media":"","overlay-type":"","overlay-color":"","overlay-opacity":"","overlay-gradient":""}},"ast-content-background-meta":{"desktop":{"background-color":"var(--ast-global-color-5)","background-image":"","background-repeat":"repeat","background-position":"center center","background-size":"auto","background-attachment":"scroll","background-type":"","background-media":"","overlay-type":"","overlay-color":"","overlay-opacity":"","overlay-gradient":""},"tablet":{"background-color":"var(--ast-global-color-5)","background-image":"","background-repeat":"repeat","background-position":"center center","background-size":"auto","background-attachment":"scroll","background-type":"","background-media":"","overlay-type":"","overlay-color":"","overlay-opacity":"","overlay-gradient":""},"mobile":{"background-color":"var(--ast-global-color-5)","background-image":"","background-repeat":"repeat","background-position":"center center","background-size":"auto","background-attachment":"scroll","background-type":"","background-media":"","overlay-type":"","overlay-color":"","overlay-opacity":"","overlay-gradient":""}}},"product_brand":[],"product_cat":[34],"product_tag":[40,42,41],"class_list":{"0":"post-139","1":"product","2":"type-product","3":"status-publish","4":"has-post-thumbnail","6":"product_cat-sprachen-lernen","7":"product_tag-sprachen","8":"product_tag-thailaendisch","9":"product_tag-vorschule","10":"desktop-align-left","11":"tablet-align-left","12":"mobile-align-left","14":"first","15":"instock","16":"shipping-taxable","17":"product-type-external"},"acf":[],"yoast_head":"<!-- This site is optimized with the Yoast SEO plugin v26.9 - https:\/\/yoast.com\/product\/yoast-seo-wordpress\/ -->\n<title>Thai Schreiben Lernen: Ko Kai - Happy Little Llama<\/title>\n<meta name=\"robots\" content=\"index, follow, max-snippet:-1, max-image-preview:large, max-video-preview:-1\" \/>\n<link rel=\"canonical\" href=\"https:\/\/happy-little-llama.com\/de\/buch\/ko-kai\/\" \/>\n<meta property=\"og:locale\" content=\"de_DE\" \/>\n<meta property=\"og:type\" content=\"article\" \/>\n<meta property=\"og:title\" content=\"Thai Schreiben Lernen: Ko Kai - Happy Little Llama\" \/>\n<meta property=\"og:description\" content=\"Thai Schreib Alphabet f\u00fcr Kinder, Schreibheft zum Lernen und \u00dcben der thail\u00e4ndischen Schrift\" \/>\n<meta property=\"og:url\" content=\"https:\/\/happy-little-llama.com\/de\/buch\/ko-kai\/\" \/>\n<meta property=\"og:site_name\" content=\"Happy Little Llama\" \/>\n<meta property=\"article:publisher\" content=\"https:\/\/www.facebook.com\/HLLbooks\" \/>\n<meta property=\"article:modified_time\" content=\"2024-03-19T12:22:46+00:00\" \/>\n<meta property=\"og:image\" content=\"https:\/\/happy-little-llama.com\/wp-content\/uploads\/2022\/10\/ko-kai-thai-letter-tracing-cover-01-de.jpg\" \/>\n\t<meta property=\"og:image:width\" content=\"600\" \/>\n\t<meta property=\"og:image:height\" content=\"897\" \/>\n\t<meta property=\"og:image:type\" content=\"image\/jpeg\" \/>\n<meta name=\"twitter:card\" content=\"summary_large_image\" \/>\n<meta name=\"twitter:label1\" content=\"Gesch\u00e4tzte Lesezeit\" \/>\n\t<meta name=\"twitter:data1\" content=\"1\u00a0Minute\" \/>\n<script type=\"application\/ld+json\" class=\"yoast-schema-graph\">{\"@context\":\"https:\/\/schema.org\",\"@graph\":[{\"@type\":\"WebPage\",\"@id\":\"https:\/\/happy-little-llama.com\/de\/buch\/ko-kai\/\",\"url\":\"https:\/\/happy-little-llama.com\/de\/buch\/ko-kai\/\",\"name\":\"Thai Schreiben Lernen: Ko Kai - Happy Little Llama\",\"isPartOf\":{\"@id\":\"https:\/\/happy-little-llama.com\/de\/#website\"},\"primaryImageOfPage\":{\"@id\":\"https:\/\/happy-little-llama.com\/de\/buch\/ko-kai\/#primaryimage\"},\"image\":{\"@id\":\"https:\/\/happy-little-llama.com\/de\/buch\/ko-kai\/#primaryimage\"},\"thumbnailUrl\":\"https:\/\/happy-little-llama.com\/wp-content\/uploads\/2022\/10\/ko-kai-thai-letter-tracing-cover-01-de.jpg\",\"datePublished\":\"2022-09-26T16:48:45+00:00\",\"dateModified\":\"2024-03-19T12:22:46+00:00\",\"breadcrumb\":{\"@id\":\"https:\/\/happy-little-llama.com\/de\/buch\/ko-kai\/#breadcrumb\"},\"inLanguage\":\"de\",\"potentialAction\":[{\"@type\":\"ReadAction\",\"target\":[\"https:\/\/happy-little-llama.com\/de\/buch\/ko-kai\/\"]}]},{\"@type\":\"ImageObject\",\"inLanguage\":\"de\",\"@id\":\"https:\/\/happy-little-llama.com\/de\/buch\/ko-kai\/#primaryimage\",\"url\":\"https:\/\/happy-little-llama.com\/wp-content\/uploads\/2022\/10\/ko-kai-thai-letter-tracing-cover-01-de.jpg\",\"contentUrl\":\"https:\/\/happy-little-llama.com\/wp-content\/uploads\/2022\/10\/ko-kai-thai-letter-tracing-cover-01-de.jpg\",\"width\":600,\"height\":897,\"caption\":\"Ko Kai Thai Schreibheft Vorderseite\"},{\"@type\":\"BreadcrumbList\",\"@id\":\"https:\/\/happy-little-llama.com\/de\/buch\/ko-kai\/#breadcrumb\",\"itemListElement\":[{\"@type\":\"ListItem\",\"position\":1,\"name\":\"Startseite\",\"item\":\"https:\/\/happy-little-llama.com\/de\/\"},{\"@type\":\"ListItem\",\"position\":2,\"name\":\"Unsere B\u00fccher\",\"item\":\"https:\/\/happy-little-llama.com\/de\/unsere-buecher\/\"},{\"@type\":\"ListItem\",\"position\":3,\"name\":\"Thai Schreiben Lernen: Ko Kai\"}]},{\"@type\":\"WebSite\",\"@id\":\"https:\/\/happy-little-llama.com\/de\/#website\",\"url\":\"https:\/\/happy-little-llama.com\/de\/\",\"name\":\"Happy Little Llama\",\"description\":\"B\u00fccher f\u00fcr Kinder &amp; Jugendliche zum Ausmalen, Lernen und Kreativsein\",\"publisher\":{\"@id\":\"https:\/\/happy-little-llama.com\/de\/#organization\"},\"potentialAction\":[{\"@type\":\"SearchAction\",\"target\":{\"@type\":\"EntryPoint\",\"urlTemplate\":\"https:\/\/happy-little-llama.com\/de\/?s={search_term_string}\"},\"query-input\":{\"@type\":\"PropertyValueSpecification\",\"valueRequired\":true,\"valueName\":\"search_term_string\"}}],\"inLanguage\":\"de\"},{\"@type\":\"Organization\",\"@id\":\"https:\/\/happy-little-llama.com\/de\/#organization\",\"name\":\"Happy Little Llama\",\"url\":\"https:\/\/happy-little-llama.com\/de\/\",\"logo\":{\"@type\":\"ImageObject\",\"inLanguage\":\"de\",\"@id\":\"https:\/\/happy-little-llama.com\/de\/#\/schema\/logo\/image\/\",\"url\":\"https:\/\/happy-little-llama.com\/wp-content\/uploads\/2022\/09\/Happy-Little-Lama-Logo-ohne-Text.png\",\"contentUrl\":\"https:\/\/happy-little-llama.com\/wp-content\/uploads\/2022\/09\/Happy-Little-Lama-Logo-ohne-Text.png\",\"width\":777,\"height\":778,\"caption\":\"Happy Little Llama\"},\"image\":{\"@id\":\"https:\/\/happy-little-llama.com\/de\/#\/schema\/logo\/image\/\"},\"sameAs\":[\"https:\/\/www.facebook.com\/HLLbooks\"]}]}<\/script>\n<!-- \/ Yoast SEO plugin. -->","yoast_head_json":{"title":"Thai Schreiben Lernen: Ko Kai - Happy Little Llama","robots":{"index":"index","follow":"follow","max-snippet":"max-snippet:-1","max-image-preview":"max-image-preview:large","max-video-preview":"max-video-preview:-1"},"canonical":"https:\/\/happy-little-llama.com\/de\/buch\/ko-kai\/","og_locale":"de_DE","og_type":"article","og_title":"Thai Schreiben Lernen: Ko Kai - Happy Little Llama","og_description":"Thai Schreib Alphabet f\u00fcr Kinder, Schreibheft zum Lernen und \u00dcben der thail\u00e4ndischen Schrift","og_url":"https:\/\/happy-little-llama.com\/de\/buch\/ko-kai\/","og_site_name":"Happy Little Llama","article_publisher":"https:\/\/www.facebook.com\/HLLbooks","article_modified_time":"2024-03-19T12:22:46+00:00","og_image":[{"width":600,"height":897,"url":"https:\/\/happy-little-llama.com\/wp-content\/uploads\/2022\/10\/ko-kai-thai-letter-tracing-cover-01-de.jpg","type":"image\/jpeg"}],"twitter_card":"summary_large_image","twitter_misc":{"Gesch\u00e4tzte Lesezeit":"1\u00a0Minute"},"schema":{"@context":"https:\/\/schema.org","@graph":[{"@type":"WebPage","@id":"https:\/\/happy-little-llama.com\/de\/buch\/ko-kai\/","url":"https:\/\/happy-little-llama.com\/de\/buch\/ko-kai\/","name":"Thai Schreiben Lernen: Ko Kai - Happy Little Llama","isPartOf":{"@id":"https:\/\/happy-little-llama.com\/de\/#website"},"primaryImageOfPage":{"@id":"https:\/\/happy-little-llama.com\/de\/buch\/ko-kai\/#primaryimage"},"image":{"@id":"https:\/\/happy-little-llama.com\/de\/buch\/ko-kai\/#primaryimage"},"thumbnailUrl":"https:\/\/happy-little-llama.com\/wp-content\/uploads\/2022\/10\/ko-kai-thai-letter-tracing-cover-01-de.jpg","datePublished":"2022-09-26T16:48:45+00:00","dateModified":"2024-03-19T12:22:46+00:00","breadcrumb":{"@id":"https:\/\/happy-little-llama.com\/de\/buch\/ko-kai\/#breadcrumb"},"inLanguage":"de","potentialAction":[{"@type":"ReadAction","target":["https:\/\/happy-little-llama.com\/de\/buch\/ko-kai\/"]}]},{"@type":"ImageObject","inLanguage":"de","@id":"https:\/\/happy-little-llama.com\/de\/buch\/ko-kai\/#primaryimage","url":"https:\/\/happy-little-llama.com\/wp-content\/uploads\/2022\/10\/ko-kai-thai-letter-tracing-cover-01-de.jpg","contentUrl":"https:\/\/happy-little-llama.com\/wp-content\/uploads\/2022\/10\/ko-kai-thai-letter-tracing-cover-01-de.jpg","width":600,"height":897,"caption":"Ko Kai Thai Schreibheft Vorderseite"},{"@type":"BreadcrumbList","@id":"https:\/\/happy-little-llama.com\/de\/buch\/ko-kai\/#breadcrumb","itemListElement":[{"@type":"ListItem","position":1,"name":"Startseite","item":"https:\/\/happy-little-llama.com\/de\/"},{"@type":"ListItem","position":2,"name":"Unsere B\u00fccher","item":"https:\/\/happy-little-llama.com\/de\/unsere-buecher\/"},{"@type":"ListItem","position":3,"name":"Thai Schreiben Lernen: Ko Kai"}]},{"@type":"WebSite","@id":"https:\/\/happy-little-llama.com\/de\/#website","url":"https:\/\/happy-little-llama.com\/de\/","name":"Happy Little Llama","description":"B\u00fccher f\u00fcr Kinder &amp; Jugendliche zum Ausmalen, Lernen und Kreativsein","publisher":{"@id":"https:\/\/happy-little-llama.com\/de\/#organization"},"potentialAction":[{"@type":"SearchAction","target":{"@type":"EntryPoint","urlTemplate":"https:\/\/happy-little-llama.com\/de\/?s={search_term_string}"},"query-input":{"@type":"PropertyValueSpecification","valueRequired":true,"valueName":"search_term_string"}}],"inLanguage":"de"},{"@type":"Organization","@id":"https:\/\/happy-little-llama.com\/de\/#organization","name":"Happy Little Llama","url":"https:\/\/happy-little-llama.com\/de\/","logo":{"@type":"ImageObject","inLanguage":"de","@id":"https:\/\/happy-little-llama.com\/de\/#\/schema\/logo\/image\/","url":"https:\/\/happy-little-llama.com\/wp-content\/uploads\/2022\/09\/Happy-Little-Lama-Logo-ohne-Text.png","contentUrl":"https:\/\/happy-little-llama.com\/wp-content\/uploads\/2022\/09\/Happy-Little-Lama-Logo-ohne-Text.png","width":777,"height":778,"caption":"Happy Little Llama"},"image":{"@id":"https:\/\/happy-little-llama.com\/de\/#\/schema\/logo\/image\/"},"sameAs":["https:\/\/www.facebook.com\/HLLbooks"]}]}},"_links":{"self":[{"href":"https:\/\/happy-little-llama.com\/de\/wp-json\/wp\/v2\/product\/139","targetHints":{"allow":["GET"]}}],"collection":[{"href":"https:\/\/happy-little-llama.com\/de\/wp-json\/wp\/v2\/product"}],"about":[{"href":"https:\/\/happy-little-llama.com\/de\/wp-json\/wp\/v2\/types\/product"}],"wp:featuredmedia":[{"embeddable":true,"href":"https:\/\/happy-little-llama.com\/de\/wp-json\/wp\/v2\/media\/260"}],"wp:attachment":[{"href":"https:\/\/happy-little-llama.com\/de\/wp-json\/wp\/v2\/media?parent=139"}],"wp:term":[{"taxonomy":"product_brand","embeddable":true,"href":"https:\/\/happy-little-llama.com\/de\/wp-json\/wp\/v2\/product_brand?post=139"},{"taxonomy":"product_cat","embeddable":true,"href":"https:\/\/happy-little-llama.com\/de\/wp-json\/wp\/v2\/product_cat?post=139"},{"taxonomy":"product_tag","embeddable":true,"href":"https:\/\/happy-little-llama.com\/de\/wp-json\/wp\/v2\/product_tag?post=139"}],"curies":[{"name":"wp","href":"https:\/\/api.w.org\/{rel}","templated":true}]}}