{"id":410,"date":"2022-10-25T13:51:10","date_gmt":"2022-10-25T11:51:10","guid":{"rendered":"https:\/\/happy-little-llama.com\/?post_type=product&#038;p=410"},"modified":"2026-04-06T21:35:57","modified_gmt":"2026-04-06T19:35:57","slug":"ausmalbuch-baustelle","status":"publish","type":"product","link":"https:\/\/happy-little-llama.com\/de\/buch\/ausmalbuch-baustelle\/","title":{"rendered":"Ausmalbuch Baustelle"},"content":{"rendered":"<p>Dieses Baustellen Malbuch f\u00fcr Kinder ist ein wundersch\u00f6nes, kompaktes Buch mit 20 verschiedenen Motiven zum Thema Baustelle. Alle Ausmalbilder sind liebevoll und kindgem\u00e4\u00df gestaltet und ideal f\u00fcr Kleinkinder. Dabei sind nat\u00fcrlich\u00a0<span class=\"a-text-bold\">Bagger<\/span>,\u00a0<span class=\"a-text-bold\">Lastwagen<\/span>,\u00a0<span class=\"a-text-bold\">Betonmischer<\/span>\u00a0und viele weitere Baustellenfahrzeuge, die f\u00fcr viel Abwechslung und Spa\u00df sorgen!<\/p>\n<h4><strong><span class=\"a-text-bold\">Dieses Baustellen Malbuch bietet:<\/span><\/strong><\/h4>\n<ul class=\"a-unordered-list a-vertical\">\n<li><span class=\"a-list-item\">40 Seiten auf wei\u00dfem Papier, jeweils einseitig bedruckt, damit keine Farben durchscheinen<\/span><\/li>\n<li><span class=\"a-list-item\">Insgesamt 20 Motive mit Baggern, Betonmischern, Stra\u00dfenwalzen, Kipplastern, Traktoren etc.<\/span><\/li>\n<li><span class=\"a-list-item\">Geeignet f\u00fcr Kinder zwischen 2 und 4 Jahren, idealerweise ab 3 Jahren<\/span><\/li>\n<li><span class=\"a-list-item\">Gr\u00f6\u00dfe: etwa 21 x 21 cm (quadratisch), Taschenbuch<\/span><\/li>\n<li><span class=\"a-list-item\">F\u00f6rderung der Kreativit\u00e4t, Entspannung und Konzentration &#8211; Ablenkung vom Fernseher<\/span><\/li>\n<li><span class=\"a-list-item\">Motive k\u00f6nnen ausgeschnitten und aufgeh\u00e4ngt werden, dient also auch als kreatives Bastelbuch<\/span><\/li>\n<li><span class=\"a-list-item\">Eine perfekte Geschenkidee f\u00fcr Geburtstage, Weihnachten, Ostern, Kindergeburtstage usw.<\/span><\/li>\n<\/ul>\n<p>\ud83e\udc46 <a href=\"https:\/\/www.etsy.com\/de\/listing\/1425628403\/bagger-malbuch-fur-kinder-malbuch-bagger\" target=\"_blank\" rel=\"noopener\"><strong>Auch verf\u00fcgbar als druckbares PDF auf Etsy<\/strong><\/a><\/p>\n","protected":false},"excerpt":{"rendered":"<h3 id=\"title\" class=\"a-spacing-none a-text-normal\"><span id=\"productTitle\" class=\"a-size-extra-large\">Malbuch mit Fahrzeugen auf der Baustelle &#8211; Bagger, Lastwagen, Betonmischer, Traktoren und viele mehr<\/span><\/h3>\n","protected":false},"featured_media":405,"template":"","meta":{"_acf_changed":false,"site-sidebar-layout":"default","site-content-layout":"default","ast-site-content-layout":"default","site-content-style":"default","site-sidebar-style":"default","ast-global-header-display":"","ast-banner-title-visibility":"","ast-main-header-display":"","ast-hfb-above-header-display":"","ast-hfb-below-header-display":"","ast-hfb-mobile-header-display":"","site-post-title":"","ast-breadcrumbs-content":"","ast-featured-img":"","footer-sml-layout":"","ast-disable-related-posts":"","theme-transparent-header-meta":"default","adv-header-id-meta":"","stick-header-meta":"","header-above-stick-meta":"","header-main-stick-meta":"","header-below-stick-meta":"","astra-migrate-meta-layouts":"set","ast-page-background-enabled":"default","ast-page-background-meta":{"desktop":{"background-color":"var(--ast-global-color-4)","background-image":"","background-repeat":"repeat","background-position":"center center","background-size":"auto","background-attachment":"scroll","background-type":"","background-media":"","overlay-type":"","overlay-color":"","overlay-opacity":"","overlay-gradient":""},"tablet":{"background-color":"","background-image":"","background-repeat":"repeat","background-position":"center center","background-size":"auto","background-attachment":"scroll","background-type":"","background-media":"","overlay-type":"","overlay-color":"","overlay-opacity":"","overlay-gradient":""},"mobile":{"background-color":"","background-image":"","background-repeat":"repeat","background-position":"center center","background-size":"auto","background-attachment":"scroll","background-type":"","background-media":"","overlay-type":"","overlay-color":"","overlay-opacity":"","overlay-gradient":""}},"ast-content-background-meta":{"desktop":{"background-color":"var(--ast-global-color-5)","background-image":"","background-repeat":"repeat","background-position":"center center","background-size":"auto","background-attachment":"scroll","background-type":"","background-media":"","overlay-type":"","overlay-color":"","overlay-opacity":"","overlay-gradient":""},"tablet":{"background-color":"var(--ast-global-color-5)","background-image":"","background-repeat":"repeat","background-position":"center center","background-size":"auto","background-attachment":"scroll","background-type":"","background-media":"","overlay-type":"","overlay-color":"","overlay-opacity":"","overlay-gradient":""},"mobile":{"background-color":"var(--ast-global-color-5)","background-image":"","background-repeat":"repeat","background-position":"center center","background-size":"auto","background-attachment":"scroll","background-type":"","background-media":"","overlay-type":"","overlay-color":"","overlay-opacity":"","overlay-gradient":""}}},"product_brand":[],"product_cat":[35],"product_tag":[45,59,58,60,41],"class_list":{"0":"post-410","1":"product","2":"type-product","3":"status-publish","4":"has-post-thumbnail","6":"product_cat-malbuecher","7":"product_tag-ausmalen","8":"product_tag-bagger","9":"product_tag-baustelle","10":"product_tag-lastwagen","11":"product_tag-vorschule","12":"desktop-align-left","13":"tablet-align-left","14":"mobile-align-left","16":"first","17":"instock","18":"shipping-taxable","19":"product-type-external"},"acf":[],"yoast_head":"<!-- This site is optimized with the Yoast SEO plugin v27.4 - https:\/\/yoast.com\/product\/yoast-seo-wordpress\/ -->\n<title>Ausmalbuch Baustelle - Happy Little Llama<\/title>\n<meta name=\"robots\" content=\"index, follow, max-snippet:-1, max-image-preview:large, max-video-preview:-1\" \/>\n<link rel=\"canonical\" href=\"https:\/\/happy-little-llama.com\/de\/buch\/ausmalbuch-baustelle\/\" \/>\n<meta property=\"og:locale\" content=\"de_DE\" \/>\n<meta property=\"og:type\" content=\"article\" \/>\n<meta property=\"og:title\" content=\"Ausmalbuch Baustelle - Happy Little Llama\" \/>\n<meta property=\"og:description\" content=\"Malbuch mit Fahrzeugen auf der Baustelle - Bagger, Lastwagen, Betonmischer, Traktoren und viele mehr\" \/>\n<meta property=\"og:url\" content=\"https:\/\/happy-little-llama.com\/de\/buch\/ausmalbuch-baustelle\/\" \/>\n<meta property=\"og:site_name\" content=\"Happy Little Llama\" \/>\n<meta property=\"article:publisher\" content=\"https:\/\/www.facebook.com\/HLLbooks\" \/>\n<meta property=\"article:modified_time\" content=\"2026-04-06T19:35:57+00:00\" \/>\n<meta property=\"og:image\" content=\"https:\/\/happy-little-llama.com\/wp-content\/uploads\/2022\/10\/construction-site-coloring-book-cover-01-de.jpg\" \/>\n\t<meta property=\"og:image:width\" content=\"600\" \/>\n\t<meta property=\"og:image:height\" content=\"600\" \/>\n\t<meta property=\"og:image:type\" content=\"image\/jpeg\" \/>\n<meta name=\"twitter:card\" content=\"summary_large_image\" \/>\n<meta name=\"twitter:label1\" content=\"Gesch\u00e4tzte Lesezeit\" \/>\n\t<meta name=\"twitter:data1\" content=\"1\u00a0Minute\" \/>\n<script type=\"application\/ld+json\" class=\"yoast-schema-graph\">{\"@context\":\"https:\\\/\\\/schema.org\",\"@graph\":[{\"@type\":\"WebPage\",\"@id\":\"https:\\\/\\\/happy-little-llama.com\\\/de\\\/buch\\\/ausmalbuch-baustelle\\\/\",\"url\":\"https:\\\/\\\/happy-little-llama.com\\\/de\\\/buch\\\/ausmalbuch-baustelle\\\/\",\"name\":\"Ausmalbuch Baustelle - Happy Little Llama\",\"isPartOf\":{\"@id\":\"https:\\\/\\\/happy-little-llama.com\\\/de\\\/#website\"},\"primaryImageOfPage\":{\"@id\":\"https:\\\/\\\/happy-little-llama.com\\\/de\\\/buch\\\/ausmalbuch-baustelle\\\/#primaryimage\"},\"image\":{\"@id\":\"https:\\\/\\\/happy-little-llama.com\\\/de\\\/buch\\\/ausmalbuch-baustelle\\\/#primaryimage\"},\"thumbnailUrl\":\"https:\\\/\\\/happy-little-llama.com\\\/wp-content\\\/uploads\\\/2022\\\/10\\\/construction-site-coloring-book-cover-01-de.jpg\",\"datePublished\":\"2022-10-25T11:51:10+00:00\",\"dateModified\":\"2026-04-06T19:35:57+00:00\",\"breadcrumb\":{\"@id\":\"https:\\\/\\\/happy-little-llama.com\\\/de\\\/buch\\\/ausmalbuch-baustelle\\\/#breadcrumb\"},\"inLanguage\":\"de\",\"potentialAction\":[{\"@type\":\"ReadAction\",\"target\":[\"https:\\\/\\\/happy-little-llama.com\\\/de\\\/buch\\\/ausmalbuch-baustelle\\\/\"]}]},{\"@type\":\"ImageObject\",\"inLanguage\":\"de\",\"@id\":\"https:\\\/\\\/happy-little-llama.com\\\/de\\\/buch\\\/ausmalbuch-baustelle\\\/#primaryimage\",\"url\":\"https:\\\/\\\/happy-little-llama.com\\\/wp-content\\\/uploads\\\/2022\\\/10\\\/construction-site-coloring-book-cover-01-de.jpg\",\"contentUrl\":\"https:\\\/\\\/happy-little-llama.com\\\/wp-content\\\/uploads\\\/2022\\\/10\\\/construction-site-coloring-book-cover-01-de.jpg\",\"width\":600,\"height\":600,\"caption\":\"Baustellen Malbuch f\u00fcr Kinder Vorderseite\"},{\"@type\":\"BreadcrumbList\",\"@id\":\"https:\\\/\\\/happy-little-llama.com\\\/de\\\/buch\\\/ausmalbuch-baustelle\\\/#breadcrumb\",\"itemListElement\":[{\"@type\":\"ListItem\",\"position\":1,\"name\":\"Startseite\",\"item\":\"https:\\\/\\\/happy-little-llama.com\\\/de\\\/\"},{\"@type\":\"ListItem\",\"position\":2,\"name\":\"Unsere B\u00fccher\",\"item\":\"https:\\\/\\\/happy-little-llama.com\\\/de\\\/unsere-buecher\\\/\"},{\"@type\":\"ListItem\",\"position\":3,\"name\":\"Ausmalbuch Baustelle\"}]},{\"@type\":\"WebSite\",\"@id\":\"https:\\\/\\\/happy-little-llama.com\\\/de\\\/#website\",\"url\":\"https:\\\/\\\/happy-little-llama.com\\\/de\\\/\",\"name\":\"Happy Little Llama\",\"description\":\"B\u00fccher f\u00fcr Kinder &amp; Jugendliche zum Ausmalen, Lernen und Kreativsein\",\"publisher\":{\"@id\":\"https:\\\/\\\/happy-little-llama.com\\\/de\\\/#organization\"},\"potentialAction\":[{\"@type\":\"SearchAction\",\"target\":{\"@type\":\"EntryPoint\",\"urlTemplate\":\"https:\\\/\\\/happy-little-llama.com\\\/de\\\/?s={search_term_string}\"},\"query-input\":{\"@type\":\"PropertyValueSpecification\",\"valueRequired\":true,\"valueName\":\"search_term_string\"}}],\"inLanguage\":\"de\"},{\"@type\":\"Organization\",\"@id\":\"https:\\\/\\\/happy-little-llama.com\\\/de\\\/#organization\",\"name\":\"Happy Little Llama\",\"url\":\"https:\\\/\\\/happy-little-llama.com\\\/de\\\/\",\"logo\":{\"@type\":\"ImageObject\",\"inLanguage\":\"de\",\"@id\":\"https:\\\/\\\/happy-little-llama.com\\\/de\\\/#\\\/schema\\\/logo\\\/image\\\/\",\"url\":\"https:\\\/\\\/happy-little-llama.com\\\/wp-content\\\/uploads\\\/2022\\\/09\\\/Happy-Little-Lama-Logo-ohne-Text.png\",\"contentUrl\":\"https:\\\/\\\/happy-little-llama.com\\\/wp-content\\\/uploads\\\/2022\\\/09\\\/Happy-Little-Lama-Logo-ohne-Text.png\",\"width\":777,\"height\":778,\"caption\":\"Happy Little Llama\"},\"image\":{\"@id\":\"https:\\\/\\\/happy-little-llama.com\\\/de\\\/#\\\/schema\\\/logo\\\/image\\\/\"},\"sameAs\":[\"https:\\\/\\\/www.facebook.com\\\/HLLbooks\"]}]}<\/script>\n<!-- \/ Yoast SEO plugin. -->","yoast_head_json":{"title":"Ausmalbuch Baustelle - Happy Little Llama","robots":{"index":"index","follow":"follow","max-snippet":"max-snippet:-1","max-image-preview":"max-image-preview:large","max-video-preview":"max-video-preview:-1"},"canonical":"https:\/\/happy-little-llama.com\/de\/buch\/ausmalbuch-baustelle\/","og_locale":"de_DE","og_type":"article","og_title":"Ausmalbuch Baustelle - Happy Little Llama","og_description":"Malbuch mit Fahrzeugen auf der Baustelle - Bagger, Lastwagen, Betonmischer, Traktoren und viele mehr","og_url":"https:\/\/happy-little-llama.com\/de\/buch\/ausmalbuch-baustelle\/","og_site_name":"Happy Little Llama","article_publisher":"https:\/\/www.facebook.com\/HLLbooks","article_modified_time":"2026-04-06T19:35:57+00:00","og_image":[{"width":600,"height":600,"url":"https:\/\/happy-little-llama.com\/wp-content\/uploads\/2022\/10\/construction-site-coloring-book-cover-01-de.jpg","type":"image\/jpeg"}],"twitter_card":"summary_large_image","twitter_misc":{"Gesch\u00e4tzte Lesezeit":"1\u00a0Minute"},"schema":{"@context":"https:\/\/schema.org","@graph":[{"@type":"WebPage","@id":"https:\/\/happy-little-llama.com\/de\/buch\/ausmalbuch-baustelle\/","url":"https:\/\/happy-little-llama.com\/de\/buch\/ausmalbuch-baustelle\/","name":"Ausmalbuch Baustelle - Happy Little Llama","isPartOf":{"@id":"https:\/\/happy-little-llama.com\/de\/#website"},"primaryImageOfPage":{"@id":"https:\/\/happy-little-llama.com\/de\/buch\/ausmalbuch-baustelle\/#primaryimage"},"image":{"@id":"https:\/\/happy-little-llama.com\/de\/buch\/ausmalbuch-baustelle\/#primaryimage"},"thumbnailUrl":"https:\/\/happy-little-llama.com\/wp-content\/uploads\/2022\/10\/construction-site-coloring-book-cover-01-de.jpg","datePublished":"2022-10-25T11:51:10+00:00","dateModified":"2026-04-06T19:35:57+00:00","breadcrumb":{"@id":"https:\/\/happy-little-llama.com\/de\/buch\/ausmalbuch-baustelle\/#breadcrumb"},"inLanguage":"de","potentialAction":[{"@type":"ReadAction","target":["https:\/\/happy-little-llama.com\/de\/buch\/ausmalbuch-baustelle\/"]}]},{"@type":"ImageObject","inLanguage":"de","@id":"https:\/\/happy-little-llama.com\/de\/buch\/ausmalbuch-baustelle\/#primaryimage","url":"https:\/\/happy-little-llama.com\/wp-content\/uploads\/2022\/10\/construction-site-coloring-book-cover-01-de.jpg","contentUrl":"https:\/\/happy-little-llama.com\/wp-content\/uploads\/2022\/10\/construction-site-coloring-book-cover-01-de.jpg","width":600,"height":600,"caption":"Baustellen Malbuch f\u00fcr Kinder Vorderseite"},{"@type":"BreadcrumbList","@id":"https:\/\/happy-little-llama.com\/de\/buch\/ausmalbuch-baustelle\/#breadcrumb","itemListElement":[{"@type":"ListItem","position":1,"name":"Startseite","item":"https:\/\/happy-little-llama.com\/de\/"},{"@type":"ListItem","position":2,"name":"Unsere B\u00fccher","item":"https:\/\/happy-little-llama.com\/de\/unsere-buecher\/"},{"@type":"ListItem","position":3,"name":"Ausmalbuch Baustelle"}]},{"@type":"WebSite","@id":"https:\/\/happy-little-llama.com\/de\/#website","url":"https:\/\/happy-little-llama.com\/de\/","name":"Happy Little Llama","description":"B\u00fccher f\u00fcr Kinder &amp; Jugendliche zum Ausmalen, Lernen und Kreativsein","publisher":{"@id":"https:\/\/happy-little-llama.com\/de\/#organization"},"potentialAction":[{"@type":"SearchAction","target":{"@type":"EntryPoint","urlTemplate":"https:\/\/happy-little-llama.com\/de\/?s={search_term_string}"},"query-input":{"@type":"PropertyValueSpecification","valueRequired":true,"valueName":"search_term_string"}}],"inLanguage":"de"},{"@type":"Organization","@id":"https:\/\/happy-little-llama.com\/de\/#organization","name":"Happy Little Llama","url":"https:\/\/happy-little-llama.com\/de\/","logo":{"@type":"ImageObject","inLanguage":"de","@id":"https:\/\/happy-little-llama.com\/de\/#\/schema\/logo\/image\/","url":"https:\/\/happy-little-llama.com\/wp-content\/uploads\/2022\/09\/Happy-Little-Lama-Logo-ohne-Text.png","contentUrl":"https:\/\/happy-little-llama.com\/wp-content\/uploads\/2022\/09\/Happy-Little-Lama-Logo-ohne-Text.png","width":777,"height":778,"caption":"Happy Little Llama"},"image":{"@id":"https:\/\/happy-little-llama.com\/de\/#\/schema\/logo\/image\/"},"sameAs":["https:\/\/www.facebook.com\/HLLbooks"]}]}},"_links":{"self":[{"href":"https:\/\/happy-little-llama.com\/de\/wp-json\/wp\/v2\/product\/410","targetHints":{"allow":["GET"]}}],"collection":[{"href":"https:\/\/happy-little-llama.com\/de\/wp-json\/wp\/v2\/product"}],"about":[{"href":"https:\/\/happy-little-llama.com\/de\/wp-json\/wp\/v2\/types\/product"}],"wp:featuredmedia":[{"embeddable":true,"href":"https:\/\/happy-little-llama.com\/de\/wp-json\/wp\/v2\/media\/405"}],"wp:attachment":[{"href":"https:\/\/happy-little-llama.com\/de\/wp-json\/wp\/v2\/media?parent=410"}],"wp:term":[{"taxonomy":"product_brand","embeddable":true,"href":"https:\/\/happy-little-llama.com\/de\/wp-json\/wp\/v2\/product_brand?post=410"},{"taxonomy":"product_cat","embeddable":true,"href":"https:\/\/happy-little-llama.com\/de\/wp-json\/wp\/v2\/product_cat?post=410"},{"taxonomy":"product_tag","embeddable":true,"href":"https:\/\/happy-little-llama.com\/de\/wp-json\/wp\/v2\/product_tag?post=410"}],"curies":[{"name":"wp","href":"https:\/\/api.w.org\/{rel}","templated":true}]}}