{"id":510,"date":"2023-01-31T13:27:53","date_gmt":"2023-01-31T12:27:53","guid":{"rendered":"https:\/\/happy-little-llama.com\/?post_type=product&#038;p=510"},"modified":"2026-04-06T21:34:22","modified_gmt":"2026-04-06T19:34:22","slug":"meine-ersten-50-woerter-obst-gemuese-englisch-deutsch","status":"publish","type":"product","link":"https:\/\/happy-little-llama.com\/de\/buch\/meine-ersten-50-woerter-obst-gemuese-englisch-deutsch\/","title":{"rendered":"Meine ersten 50 W\u00f6rter &#8211; Obst und Gem\u00fcse (Englisch Deutsch)"},"content":{"rendered":"<p>&#8222;Meine ersten 50 W\u00f6rter &#8211; Obst und Gem\u00fcse&#8220; ist ein sch\u00f6nes Ausmalbuch zum Lernen von Obst- und Gem\u00fcsenamen auf Deutsch und Englisch. Da jede Seite zus\u00e4tzlich ein liebevolles Ausmalbild enth\u00e4lt, kann dein Kind mit diesem Buch auf spielerische Weise die englischen W\u00f6rter lernen und \u00fcben. Ein perfektes \u00dcbungsbuch auch f\u00fcr Lehrer oder Eltern, die Homeschooling machen und ebenfalls eine tolle Geschenkidee f\u00fcr Geburtstage usw.<\/p>\n<h4><span class=\"a-text-bold\">&#8222;Meine ersten 50 W\u00f6rter &#8211; Obst und Gem\u00fcse&#8220; Ausmalbuch Eigenschaften:<\/span><\/h4>\n<ul class=\"a-unordered-list a-vertical\">\n<li><span class=\"a-list-item\">100 Seiten auf wei\u00dfem Papier, jeweils einseitig bedruckt, damit keine Farben durchscheinen<\/span><\/li>\n<li><span class=\"a-list-item\">Deutsche \u00dcbersetzung + Ausmalbild f\u00fcr 50 verschiedene Obst- und Gem\u00fcsesorten<\/span><\/li>\n<li><span class=\"a-list-item\">Geeignet f\u00fcr Kinder ab 2 oder 3 Jahren<\/span><\/li>\n<li><span class=\"a-list-item\">Gr\u00f6\u00dfe: 6 x 9 Zoll (etwa A5)<\/span><\/li>\n<li><span class=\"a-list-item\">F\u00fcr alle Arten von Buntstiften, Filzstiften etc. geeignet<\/span><\/li>\n<li><span class=\"a-list-item\">Ein sch\u00f6nes Buch f\u00fcr Kinder, die auf einfache und unterhaltsame Weise die englischen Obst- und Gem\u00fcsenamen lernen m\u00f6chten<\/span><\/li>\n<\/ul>\n","protected":false},"excerpt":{"rendered":"<h3 id=\"title\" class=\"a-spacing-none a-text-normal\"><span id=\"productTitle\" class=\"a-size-extra-large\">Ausmalbuch Englisch mit 50 Obst- und Gem\u00fcse-Sorten, Spielerisch Englisch lernen f\u00fcr Kinder<\/span><\/h3>\n","protected":false},"featured_media":511,"template":"","meta":{"_acf_changed":false,"site-sidebar-layout":"default","site-content-layout":"default","ast-site-content-layout":"default","site-content-style":"default","site-sidebar-style":"default","ast-global-header-display":"","ast-banner-title-visibility":"","ast-main-header-display":"","ast-hfb-above-header-display":"","ast-hfb-below-header-display":"","ast-hfb-mobile-header-display":"","site-post-title":"","ast-breadcrumbs-content":"","ast-featured-img":"","footer-sml-layout":"","ast-disable-related-posts":"","theme-transparent-header-meta":"default","adv-header-id-meta":"","stick-header-meta":"","header-above-stick-meta":"","header-main-stick-meta":"","header-below-stick-meta":"","astra-migrate-meta-layouts":"set","ast-page-background-enabled":"default","ast-page-background-meta":{"desktop":{"background-color":"var(--ast-global-color-4)","background-image":"","background-repeat":"repeat","background-position":"center center","background-size":"auto","background-attachment":"scroll","background-type":"","background-media":"","overlay-type":"","overlay-color":"","overlay-opacity":"","overlay-gradient":""},"tablet":{"background-color":"","background-image":"","background-repeat":"repeat","background-position":"center center","background-size":"auto","background-attachment":"scroll","background-type":"","background-media":"","overlay-type":"","overlay-color":"","overlay-opacity":"","overlay-gradient":""},"mobile":{"background-color":"","background-image":"","background-repeat":"repeat","background-position":"center center","background-size":"auto","background-attachment":"scroll","background-type":"","background-media":"","overlay-type":"","overlay-color":"","overlay-opacity":"","overlay-gradient":""}},"ast-content-background-meta":{"desktop":{"background-color":"var(--ast-global-color-5)","background-image":"","background-repeat":"repeat","background-position":"center center","background-size":"auto","background-attachment":"scroll","background-type":"","background-media":"","overlay-type":"","overlay-color":"","overlay-opacity":"","overlay-gradient":""},"tablet":{"background-color":"var(--ast-global-color-5)","background-image":"","background-repeat":"repeat","background-position":"center center","background-size":"auto","background-attachment":"scroll","background-type":"","background-media":"","overlay-type":"","overlay-color":"","overlay-opacity":"","overlay-gradient":""},"mobile":{"background-color":"var(--ast-global-color-5)","background-image":"","background-repeat":"repeat","background-position":"center center","background-size":"auto","background-attachment":"scroll","background-type":"","background-media":"","overlay-type":"","overlay-color":"","overlay-opacity":"","overlay-gradient":""}}},"product_brand":[],"product_cat":[35,34],"product_tag":[45,47,40,41],"class_list":{"0":"post-510","1":"product","2":"type-product","3":"status-publish","4":"has-post-thumbnail","6":"product_cat-malbuecher","7":"product_cat-sprachen-lernen","8":"product_tag-ausmalen","9":"product_tag-englisch","10":"product_tag-sprachen","11":"product_tag-vorschule","12":"desktop-align-left","13":"tablet-align-left","14":"mobile-align-left","16":"first","17":"instock","18":"shipping-taxable","19":"product-type-external"},"acf":[],"yoast_head":"<!-- This site is optimized with the Yoast SEO plugin v27.4 - https:\/\/yoast.com\/product\/yoast-seo-wordpress\/ -->\n<title>Meine ersten 50 W\u00f6rter - Obst und Gem\u00fcse (Englisch Deutsch) - Happy Little Llama<\/title>\n<meta name=\"robots\" content=\"index, follow, max-snippet:-1, max-image-preview:large, max-video-preview:-1\" \/>\n<link rel=\"canonical\" href=\"https:\/\/happy-little-llama.com\/de\/buch\/meine-ersten-50-woerter-obst-gemuese-englisch-deutsch\/\" \/>\n<meta property=\"og:locale\" content=\"de_DE\" \/>\n<meta property=\"og:type\" content=\"article\" \/>\n<meta property=\"og:title\" content=\"Meine ersten 50 W\u00f6rter - Obst und Gem\u00fcse (Englisch Deutsch) - Happy Little Llama\" \/>\n<meta property=\"og:description\" content=\"Ausmalbuch Englisch mit 50 Obst- und Gem\u00fcse-Sorten, Spielerisch Englisch lernen f\u00fcr Kinder\" \/>\n<meta property=\"og:url\" content=\"https:\/\/happy-little-llama.com\/de\/buch\/meine-ersten-50-woerter-obst-gemuese-englisch-deutsch\/\" \/>\n<meta property=\"og:site_name\" content=\"Happy Little Llama\" \/>\n<meta property=\"article:publisher\" content=\"https:\/\/www.facebook.com\/HLLbooks\" \/>\n<meta property=\"article:modified_time\" content=\"2026-04-06T19:34:22+00:00\" \/>\n<meta property=\"og:image\" content=\"https:\/\/happy-little-llama.com\/wp-content\/uploads\/2023\/01\/meine-ersten-50-woerter-obst-en-cover-01-de.jpg\" \/>\n\t<meta property=\"og:image:width\" content=\"600\" \/>\n\t<meta property=\"og:image:height\" content=\"895\" \/>\n\t<meta property=\"og:image:type\" content=\"image\/jpeg\" \/>\n<meta name=\"twitter:card\" content=\"summary_large_image\" \/>\n<meta name=\"twitter:label1\" content=\"Gesch\u00e4tzte Lesezeit\" \/>\n\t<meta name=\"twitter:data1\" content=\"1\u00a0Minute\" \/>\n<script type=\"application\/ld+json\" class=\"yoast-schema-graph\">{\"@context\":\"https:\\\/\\\/schema.org\",\"@graph\":[{\"@type\":\"WebPage\",\"@id\":\"https:\\\/\\\/happy-little-llama.com\\\/de\\\/buch\\\/meine-ersten-50-woerter-obst-gemuese-englisch-deutsch\\\/\",\"url\":\"https:\\\/\\\/happy-little-llama.com\\\/de\\\/buch\\\/meine-ersten-50-woerter-obst-gemuese-englisch-deutsch\\\/\",\"name\":\"Meine ersten 50 W\u00f6rter - Obst und Gem\u00fcse (Englisch Deutsch) - Happy Little Llama\",\"isPartOf\":{\"@id\":\"https:\\\/\\\/happy-little-llama.com\\\/de\\\/#website\"},\"primaryImageOfPage\":{\"@id\":\"https:\\\/\\\/happy-little-llama.com\\\/de\\\/buch\\\/meine-ersten-50-woerter-obst-gemuese-englisch-deutsch\\\/#primaryimage\"},\"image\":{\"@id\":\"https:\\\/\\\/happy-little-llama.com\\\/de\\\/buch\\\/meine-ersten-50-woerter-obst-gemuese-englisch-deutsch\\\/#primaryimage\"},\"thumbnailUrl\":\"https:\\\/\\\/happy-little-llama.com\\\/wp-content\\\/uploads\\\/2023\\\/01\\\/meine-ersten-50-woerter-obst-en-cover-01-de.jpg\",\"datePublished\":\"2023-01-31T12:27:53+00:00\",\"dateModified\":\"2026-04-06T19:34:22+00:00\",\"breadcrumb\":{\"@id\":\"https:\\\/\\\/happy-little-llama.com\\\/de\\\/buch\\\/meine-ersten-50-woerter-obst-gemuese-englisch-deutsch\\\/#breadcrumb\"},\"inLanguage\":\"de\",\"potentialAction\":[{\"@type\":\"ReadAction\",\"target\":[\"https:\\\/\\\/happy-little-llama.com\\\/de\\\/buch\\\/meine-ersten-50-woerter-obst-gemuese-englisch-deutsch\\\/\"]}]},{\"@type\":\"ImageObject\",\"inLanguage\":\"de\",\"@id\":\"https:\\\/\\\/happy-little-llama.com\\\/de\\\/buch\\\/meine-ersten-50-woerter-obst-gemuese-englisch-deutsch\\\/#primaryimage\",\"url\":\"https:\\\/\\\/happy-little-llama.com\\\/wp-content\\\/uploads\\\/2023\\\/01\\\/meine-ersten-50-woerter-obst-en-cover-01-de.jpg\",\"contentUrl\":\"https:\\\/\\\/happy-little-llama.com\\\/wp-content\\\/uploads\\\/2023\\\/01\\\/meine-ersten-50-woerter-obst-en-cover-01-de.jpg\",\"width\":600,\"height\":895,\"caption\":\"Meine ersten 50 W\u00f6rter Obst & Gem\u00fcse (Deutsch Englisch) Vorderseite\"},{\"@type\":\"BreadcrumbList\",\"@id\":\"https:\\\/\\\/happy-little-llama.com\\\/de\\\/buch\\\/meine-ersten-50-woerter-obst-gemuese-englisch-deutsch\\\/#breadcrumb\",\"itemListElement\":[{\"@type\":\"ListItem\",\"position\":1,\"name\":\"Startseite\",\"item\":\"https:\\\/\\\/happy-little-llama.com\\\/de\\\/\"},{\"@type\":\"ListItem\",\"position\":2,\"name\":\"Unsere B\u00fccher\",\"item\":\"https:\\\/\\\/happy-little-llama.com\\\/de\\\/unsere-buecher\\\/\"},{\"@type\":\"ListItem\",\"position\":3,\"name\":\"Meine ersten 50 W\u00f6rter &#8211; Obst und Gem\u00fcse (Englisch Deutsch)\"}]},{\"@type\":\"WebSite\",\"@id\":\"https:\\\/\\\/happy-little-llama.com\\\/de\\\/#website\",\"url\":\"https:\\\/\\\/happy-little-llama.com\\\/de\\\/\",\"name\":\"Happy Little Llama\",\"description\":\"B\u00fccher f\u00fcr Kinder &amp; Jugendliche zum Ausmalen, Lernen und Kreativsein\",\"publisher\":{\"@id\":\"https:\\\/\\\/happy-little-llama.com\\\/de\\\/#organization\"},\"potentialAction\":[{\"@type\":\"SearchAction\",\"target\":{\"@type\":\"EntryPoint\",\"urlTemplate\":\"https:\\\/\\\/happy-little-llama.com\\\/de\\\/?s={search_term_string}\"},\"query-input\":{\"@type\":\"PropertyValueSpecification\",\"valueRequired\":true,\"valueName\":\"search_term_string\"}}],\"inLanguage\":\"de\"},{\"@type\":\"Organization\",\"@id\":\"https:\\\/\\\/happy-little-llama.com\\\/de\\\/#organization\",\"name\":\"Happy Little Llama\",\"url\":\"https:\\\/\\\/happy-little-llama.com\\\/de\\\/\",\"logo\":{\"@type\":\"ImageObject\",\"inLanguage\":\"de\",\"@id\":\"https:\\\/\\\/happy-little-llama.com\\\/de\\\/#\\\/schema\\\/logo\\\/image\\\/\",\"url\":\"https:\\\/\\\/happy-little-llama.com\\\/wp-content\\\/uploads\\\/2022\\\/09\\\/Happy-Little-Lama-Logo-ohne-Text.png\",\"contentUrl\":\"https:\\\/\\\/happy-little-llama.com\\\/wp-content\\\/uploads\\\/2022\\\/09\\\/Happy-Little-Lama-Logo-ohne-Text.png\",\"width\":777,\"height\":778,\"caption\":\"Happy Little Llama\"},\"image\":{\"@id\":\"https:\\\/\\\/happy-little-llama.com\\\/de\\\/#\\\/schema\\\/logo\\\/image\\\/\"},\"sameAs\":[\"https:\\\/\\\/www.facebook.com\\\/HLLbooks\"]}]}<\/script>\n<!-- \/ Yoast SEO plugin. -->","yoast_head_json":{"title":"Meine ersten 50 W\u00f6rter - Obst und Gem\u00fcse (Englisch Deutsch) - Happy Little Llama","robots":{"index":"index","follow":"follow","max-snippet":"max-snippet:-1","max-image-preview":"max-image-preview:large","max-video-preview":"max-video-preview:-1"},"canonical":"https:\/\/happy-little-llama.com\/de\/buch\/meine-ersten-50-woerter-obst-gemuese-englisch-deutsch\/","og_locale":"de_DE","og_type":"article","og_title":"Meine ersten 50 W\u00f6rter - Obst und Gem\u00fcse (Englisch Deutsch) - Happy Little Llama","og_description":"Ausmalbuch Englisch mit 50 Obst- und Gem\u00fcse-Sorten, Spielerisch Englisch lernen f\u00fcr Kinder","og_url":"https:\/\/happy-little-llama.com\/de\/buch\/meine-ersten-50-woerter-obst-gemuese-englisch-deutsch\/","og_site_name":"Happy Little Llama","article_publisher":"https:\/\/www.facebook.com\/HLLbooks","article_modified_time":"2026-04-06T19:34:22+00:00","og_image":[{"width":600,"height":895,"url":"https:\/\/happy-little-llama.com\/wp-content\/uploads\/2023\/01\/meine-ersten-50-woerter-obst-en-cover-01-de.jpg","type":"image\/jpeg"}],"twitter_card":"summary_large_image","twitter_misc":{"Gesch\u00e4tzte Lesezeit":"1\u00a0Minute"},"schema":{"@context":"https:\/\/schema.org","@graph":[{"@type":"WebPage","@id":"https:\/\/happy-little-llama.com\/de\/buch\/meine-ersten-50-woerter-obst-gemuese-englisch-deutsch\/","url":"https:\/\/happy-little-llama.com\/de\/buch\/meine-ersten-50-woerter-obst-gemuese-englisch-deutsch\/","name":"Meine ersten 50 W\u00f6rter - Obst und Gem\u00fcse (Englisch Deutsch) - Happy Little Llama","isPartOf":{"@id":"https:\/\/happy-little-llama.com\/de\/#website"},"primaryImageOfPage":{"@id":"https:\/\/happy-little-llama.com\/de\/buch\/meine-ersten-50-woerter-obst-gemuese-englisch-deutsch\/#primaryimage"},"image":{"@id":"https:\/\/happy-little-llama.com\/de\/buch\/meine-ersten-50-woerter-obst-gemuese-englisch-deutsch\/#primaryimage"},"thumbnailUrl":"https:\/\/happy-little-llama.com\/wp-content\/uploads\/2023\/01\/meine-ersten-50-woerter-obst-en-cover-01-de.jpg","datePublished":"2023-01-31T12:27:53+00:00","dateModified":"2026-04-06T19:34:22+00:00","breadcrumb":{"@id":"https:\/\/happy-little-llama.com\/de\/buch\/meine-ersten-50-woerter-obst-gemuese-englisch-deutsch\/#breadcrumb"},"inLanguage":"de","potentialAction":[{"@type":"ReadAction","target":["https:\/\/happy-little-llama.com\/de\/buch\/meine-ersten-50-woerter-obst-gemuese-englisch-deutsch\/"]}]},{"@type":"ImageObject","inLanguage":"de","@id":"https:\/\/happy-little-llama.com\/de\/buch\/meine-ersten-50-woerter-obst-gemuese-englisch-deutsch\/#primaryimage","url":"https:\/\/happy-little-llama.com\/wp-content\/uploads\/2023\/01\/meine-ersten-50-woerter-obst-en-cover-01-de.jpg","contentUrl":"https:\/\/happy-little-llama.com\/wp-content\/uploads\/2023\/01\/meine-ersten-50-woerter-obst-en-cover-01-de.jpg","width":600,"height":895,"caption":"Meine ersten 50 W\u00f6rter Obst & Gem\u00fcse (Deutsch Englisch) Vorderseite"},{"@type":"BreadcrumbList","@id":"https:\/\/happy-little-llama.com\/de\/buch\/meine-ersten-50-woerter-obst-gemuese-englisch-deutsch\/#breadcrumb","itemListElement":[{"@type":"ListItem","position":1,"name":"Startseite","item":"https:\/\/happy-little-llama.com\/de\/"},{"@type":"ListItem","position":2,"name":"Unsere B\u00fccher","item":"https:\/\/happy-little-llama.com\/de\/unsere-buecher\/"},{"@type":"ListItem","position":3,"name":"Meine ersten 50 W\u00f6rter &#8211; Obst und Gem\u00fcse (Englisch Deutsch)"}]},{"@type":"WebSite","@id":"https:\/\/happy-little-llama.com\/de\/#website","url":"https:\/\/happy-little-llama.com\/de\/","name":"Happy Little Llama","description":"B\u00fccher f\u00fcr Kinder &amp; Jugendliche zum Ausmalen, Lernen und Kreativsein","publisher":{"@id":"https:\/\/happy-little-llama.com\/de\/#organization"},"potentialAction":[{"@type":"SearchAction","target":{"@type":"EntryPoint","urlTemplate":"https:\/\/happy-little-llama.com\/de\/?s={search_term_string}"},"query-input":{"@type":"PropertyValueSpecification","valueRequired":true,"valueName":"search_term_string"}}],"inLanguage":"de"},{"@type":"Organization","@id":"https:\/\/happy-little-llama.com\/de\/#organization","name":"Happy Little Llama","url":"https:\/\/happy-little-llama.com\/de\/","logo":{"@type":"ImageObject","inLanguage":"de","@id":"https:\/\/happy-little-llama.com\/de\/#\/schema\/logo\/image\/","url":"https:\/\/happy-little-llama.com\/wp-content\/uploads\/2022\/09\/Happy-Little-Lama-Logo-ohne-Text.png","contentUrl":"https:\/\/happy-little-llama.com\/wp-content\/uploads\/2022\/09\/Happy-Little-Lama-Logo-ohne-Text.png","width":777,"height":778,"caption":"Happy Little Llama"},"image":{"@id":"https:\/\/happy-little-llama.com\/de\/#\/schema\/logo\/image\/"},"sameAs":["https:\/\/www.facebook.com\/HLLbooks"]}]}},"_links":{"self":[{"href":"https:\/\/happy-little-llama.com\/de\/wp-json\/wp\/v2\/product\/510","targetHints":{"allow":["GET"]}}],"collection":[{"href":"https:\/\/happy-little-llama.com\/de\/wp-json\/wp\/v2\/product"}],"about":[{"href":"https:\/\/happy-little-llama.com\/de\/wp-json\/wp\/v2\/types\/product"}],"wp:featuredmedia":[{"embeddable":true,"href":"https:\/\/happy-little-llama.com\/de\/wp-json\/wp\/v2\/media\/511"}],"wp:attachment":[{"href":"https:\/\/happy-little-llama.com\/de\/wp-json\/wp\/v2\/media?parent=510"}],"wp:term":[{"taxonomy":"product_brand","embeddable":true,"href":"https:\/\/happy-little-llama.com\/de\/wp-json\/wp\/v2\/product_brand?post=510"},{"taxonomy":"product_cat","embeddable":true,"href":"https:\/\/happy-little-llama.com\/de\/wp-json\/wp\/v2\/product_cat?post=510"},{"taxonomy":"product_tag","embeddable":true,"href":"https:\/\/happy-little-llama.com\/de\/wp-json\/wp\/v2\/product_tag?post=510"}],"curies":[{"name":"wp","href":"https:\/\/api.w.org\/{rel}","templated":true}]}}