{"id":588,"date":"2023-04-04T11:50:23","date_gmt":"2023-04-04T09:50:23","guid":{"rendered":"https:\/\/happy-little-llama.com\/?post_type=product&#038;p=588"},"modified":"2024-03-19T11:12:50","modified_gmt":"2024-03-19T10:12:50","slug":"wir-sind-die-tiere-im-wald","status":"publish","type":"product","link":"https:\/\/happy-little-llama.com\/de\/buch\/wir-sind-die-tiere-im-wald\/","title":{"rendered":"Waldbuch f\u00fcr Kinder: Wir sind die Tiere im Wald"},"content":{"rendered":"<h4><span class=\"a-text-bold\">Entdecke den Wald und seine Tierwelt &#8211; die Waldtiere stellen sich vor<\/span><\/h4>\n<p>Tauche ein in die wunderbare Welt des Waldes und lerne\u00a0<span class=\"a-text-bold\">24 faszinierende Tiere<\/span>\u00a0kennen! In diesem liebevoll gestalteten Waldbuch stellen sich die Waldbewohner h\u00f6chstpers\u00f6nlich vor und erz\u00e4hlen aus ihrem Leben. Mit jedem Tier lernst du spannende Fakten \u00fcber Lebensraum, Ern\u00e4hrung und mehr. Die liebevollen Aquarell-Illustrationen lassen die Tiere in ihrer nat\u00fcrlichen Umgebung zum Leben erwachen und schaffen eine zauberhafte Atmosph\u00e4re. Ob Fuchs, Wildschwein, Eule oder Reh \u2013 jedes Tier hat seinen Platz und seine Geschichte im Wald.<\/p>\n<ul class=\"a-unordered-list a-vertical\">\n<li><span class=\"a-list-item\">Interessante Infos und Fakten \u00fcber 24 Waldtiere<\/span><\/li>\n<li><span class=\"a-list-item\">Wundersch\u00f6n illustriert im niedlichen Aquarell-Stil und lebendigen Farben<\/span><\/li>\n<li><span class=\"a-list-item\">F\u00f6rdert das Verst\u00e4ndnis von Kindern f\u00fcr die Natur und Umwelt<\/span><\/li>\n<li><span class=\"a-list-item\">Gr\u00f6\u00dfe: etwa 21 x 21 cm (quadratisch), Taschenbuch<\/span><\/li>\n<li><span class=\"a-list-item\">Eine perfekte Geschenkidee f\u00fcr kleine Naturforscher und Tierliebhaber, die den Wald und seine Bewohner n\u00e4her kennenlernen m\u00f6chten<\/span><\/li>\n<li><span class=\"a-list-item\">Geeignet ab 4 Jahren<\/span><\/li>\n<\/ul>\n<p>\ud83e\udc46 <a href=\"https:\/\/www.amazon.de\/dp\/B0BZ59YXZF\" target=\"_blank\" rel=\"noopener\"><strong>Auch als Kindle E-Book verf\u00fcgbar<\/strong><\/a> (kostenlos mit Kindle Unlimited)<\/p>\n","protected":false},"excerpt":{"rendered":"<h3 id=\"title\" class=\"a-spacing-none a-text-normal\"><span id=\"productTitle\" class=\"a-size-extra-large\">24 Waldtiere stellen sich vor und erz\u00e4hlen aus ihrem Leben in der Natur<\/span><\/h3>\n","protected":false},"featured_media":589,"template":"","meta":{"_acf_changed":false,"site-sidebar-layout":"default","site-content-layout":"default","ast-site-content-layout":"default","site-content-style":"default","site-sidebar-style":"default","ast-global-header-display":"","ast-banner-title-visibility":"","ast-main-header-display":"","ast-hfb-above-header-display":"","ast-hfb-below-header-display":"","ast-hfb-mobile-header-display":"","site-post-title":"","ast-breadcrumbs-content":"","ast-featured-img":"","footer-sml-layout":"","ast-disable-related-posts":"","theme-transparent-header-meta":"default","adv-header-id-meta":"","stick-header-meta":"","header-above-stick-meta":"","header-main-stick-meta":"","header-below-stick-meta":"","astra-migrate-meta-layouts":"set","ast-page-background-enabled":"default","ast-page-background-meta":{"desktop":{"background-color":"var(--ast-global-color-4)","background-image":"","background-repeat":"repeat","background-position":"center center","background-size":"auto","background-attachment":"scroll","background-type":"","background-media":"","overlay-type":"","overlay-color":"","overlay-opacity":"","overlay-gradient":""},"tablet":{"background-color":"","background-image":"","background-repeat":"repeat","background-position":"center center","background-size":"auto","background-attachment":"scroll","background-type":"","background-media":"","overlay-type":"","overlay-color":"","overlay-opacity":"","overlay-gradient":""},"mobile":{"background-color":"","background-image":"","background-repeat":"repeat","background-position":"center center","background-size":"auto","background-attachment":"scroll","background-type":"","background-media":"","overlay-type":"","overlay-color":"","overlay-opacity":"","overlay-gradient":""}},"ast-content-background-meta":{"desktop":{"background-color":"var(--ast-global-color-5)","background-image":"","background-repeat":"repeat","background-position":"center center","background-size":"auto","background-attachment":"scroll","background-type":"","background-media":"","overlay-type":"","overlay-color":"","overlay-opacity":"","overlay-gradient":""},"tablet":{"background-color":"var(--ast-global-color-5)","background-image":"","background-repeat":"repeat","background-position":"center center","background-size":"auto","background-attachment":"scroll","background-type":"","background-media":"","overlay-type":"","overlay-color":"","overlay-opacity":"","overlay-gradient":""},"mobile":{"background-color":"var(--ast-global-color-5)","background-image":"","background-repeat":"repeat","background-position":"center center","background-size":"auto","background-attachment":"scroll","background-type":"","background-media":"","overlay-type":"","overlay-color":"","overlay-opacity":"","overlay-gradient":""}}},"product_brand":[],"product_cat":[68],"product_tag":[72,75,82,77],"class_list":{"0":"post-588","1":"product","2":"type-product","3":"status-publish","4":"has-post-thumbnail","6":"product_cat-bilderbuecher-geschichten","7":"product_tag-bilder","8":"product_tag-illustrationen","9":"product_tag-tiere","10":"product_tag-wald","11":"desktop-align-left","12":"tablet-align-left","13":"mobile-align-left","15":"first","16":"instock","17":"shipping-taxable","18":"product-type-external"},"acf":[],"yoast_head":"<!-- This site is optimized with the Yoast SEO plugin v26.9 - https:\/\/yoast.com\/product\/yoast-seo-wordpress\/ -->\n<title>Waldbuch f\u00fcr Kinder: Wir sind die Tiere im Wald - Happy Little Llama<\/title>\n<meta name=\"robots\" content=\"index, follow, max-snippet:-1, max-image-preview:large, max-video-preview:-1\" \/>\n<link rel=\"canonical\" href=\"https:\/\/happy-little-llama.com\/de\/buch\/wir-sind-die-tiere-im-wald\/\" \/>\n<meta property=\"og:locale\" content=\"de_DE\" \/>\n<meta property=\"og:type\" content=\"article\" \/>\n<meta property=\"og:title\" content=\"Waldbuch f\u00fcr Kinder: Wir sind die Tiere im Wald - Happy Little Llama\" \/>\n<meta property=\"og:description\" content=\"24 Waldtiere stellen sich vor und erz\u00e4hlen aus ihrem Leben in der Natur\" \/>\n<meta property=\"og:url\" content=\"https:\/\/happy-little-llama.com\/de\/buch\/wir-sind-die-tiere-im-wald\/\" \/>\n<meta property=\"og:site_name\" content=\"Happy Little Llama\" \/>\n<meta property=\"article:publisher\" content=\"https:\/\/www.facebook.com\/HLLbooks\" \/>\n<meta property=\"article:modified_time\" content=\"2024-03-19T10:12:50+00:00\" \/>\n<meta property=\"og:image\" content=\"https:\/\/happy-little-llama.com\/wp-content\/uploads\/2023\/04\/wir-sind-die-tiere-im-wald-cover-01.jpg\" \/>\n\t<meta property=\"og:image:width\" content=\"600\" \/>\n\t<meta property=\"og:image:height\" content=\"600\" \/>\n\t<meta property=\"og:image:type\" content=\"image\/jpeg\" \/>\n<meta name=\"twitter:card\" content=\"summary_large_image\" \/>\n<meta name=\"twitter:label1\" content=\"Gesch\u00e4tzte Lesezeit\" \/>\n\t<meta name=\"twitter:data1\" content=\"1\u00a0Minute\" \/>\n<script type=\"application\/ld+json\" class=\"yoast-schema-graph\">{\"@context\":\"https:\/\/schema.org\",\"@graph\":[{\"@type\":\"WebPage\",\"@id\":\"https:\/\/happy-little-llama.com\/de\/buch\/wir-sind-die-tiere-im-wald\/\",\"url\":\"https:\/\/happy-little-llama.com\/de\/buch\/wir-sind-die-tiere-im-wald\/\",\"name\":\"Waldbuch f\u00fcr Kinder: Wir sind die Tiere im Wald - Happy Little Llama\",\"isPartOf\":{\"@id\":\"https:\/\/happy-little-llama.com\/de\/#website\"},\"primaryImageOfPage\":{\"@id\":\"https:\/\/happy-little-llama.com\/de\/buch\/wir-sind-die-tiere-im-wald\/#primaryimage\"},\"image\":{\"@id\":\"https:\/\/happy-little-llama.com\/de\/buch\/wir-sind-die-tiere-im-wald\/#primaryimage\"},\"thumbnailUrl\":\"https:\/\/happy-little-llama.com\/wp-content\/uploads\/2023\/04\/wir-sind-die-tiere-im-wald-cover-01.jpg\",\"datePublished\":\"2023-04-04T09:50:23+00:00\",\"dateModified\":\"2024-03-19T10:12:50+00:00\",\"breadcrumb\":{\"@id\":\"https:\/\/happy-little-llama.com\/de\/buch\/wir-sind-die-tiere-im-wald\/#breadcrumb\"},\"inLanguage\":\"de\",\"potentialAction\":[{\"@type\":\"ReadAction\",\"target\":[\"https:\/\/happy-little-llama.com\/de\/buch\/wir-sind-die-tiere-im-wald\/\"]}]},{\"@type\":\"ImageObject\",\"inLanguage\":\"de\",\"@id\":\"https:\/\/happy-little-llama.com\/de\/buch\/wir-sind-die-tiere-im-wald\/#primaryimage\",\"url\":\"https:\/\/happy-little-llama.com\/wp-content\/uploads\/2023\/04\/wir-sind-die-tiere-im-wald-cover-01.jpg\",\"contentUrl\":\"https:\/\/happy-little-llama.com\/wp-content\/uploads\/2023\/04\/wir-sind-die-tiere-im-wald-cover-01.jpg\",\"width\":600,\"height\":600,\"caption\":\"Waldbuch f\u00fcr Kinder: Wir sind die Tiere im Wald\"},{\"@type\":\"BreadcrumbList\",\"@id\":\"https:\/\/happy-little-llama.com\/de\/buch\/wir-sind-die-tiere-im-wald\/#breadcrumb\",\"itemListElement\":[{\"@type\":\"ListItem\",\"position\":1,\"name\":\"Startseite\",\"item\":\"https:\/\/happy-little-llama.com\/de\/\"},{\"@type\":\"ListItem\",\"position\":2,\"name\":\"Unsere B\u00fccher\",\"item\":\"https:\/\/happy-little-llama.com\/de\/unsere-buecher\/\"},{\"@type\":\"ListItem\",\"position\":3,\"name\":\"Waldbuch f\u00fcr Kinder: Wir sind die Tiere im Wald\"}]},{\"@type\":\"WebSite\",\"@id\":\"https:\/\/happy-little-llama.com\/de\/#website\",\"url\":\"https:\/\/happy-little-llama.com\/de\/\",\"name\":\"Happy Little Llama\",\"description\":\"B\u00fccher f\u00fcr Kinder &amp; Jugendliche zum Ausmalen, Lernen und Kreativsein\",\"publisher\":{\"@id\":\"https:\/\/happy-little-llama.com\/de\/#organization\"},\"potentialAction\":[{\"@type\":\"SearchAction\",\"target\":{\"@type\":\"EntryPoint\",\"urlTemplate\":\"https:\/\/happy-little-llama.com\/de\/?s={search_term_string}\"},\"query-input\":{\"@type\":\"PropertyValueSpecification\",\"valueRequired\":true,\"valueName\":\"search_term_string\"}}],\"inLanguage\":\"de\"},{\"@type\":\"Organization\",\"@id\":\"https:\/\/happy-little-llama.com\/de\/#organization\",\"name\":\"Happy Little Llama\",\"url\":\"https:\/\/happy-little-llama.com\/de\/\",\"logo\":{\"@type\":\"ImageObject\",\"inLanguage\":\"de\",\"@id\":\"https:\/\/happy-little-llama.com\/de\/#\/schema\/logo\/image\/\",\"url\":\"https:\/\/happy-little-llama.com\/wp-content\/uploads\/2022\/09\/Happy-Little-Lama-Logo-ohne-Text.png\",\"contentUrl\":\"https:\/\/happy-little-llama.com\/wp-content\/uploads\/2022\/09\/Happy-Little-Lama-Logo-ohne-Text.png\",\"width\":777,\"height\":778,\"caption\":\"Happy Little Llama\"},\"image\":{\"@id\":\"https:\/\/happy-little-llama.com\/de\/#\/schema\/logo\/image\/\"},\"sameAs\":[\"https:\/\/www.facebook.com\/HLLbooks\"]}]}<\/script>\n<!-- \/ Yoast SEO plugin. -->","yoast_head_json":{"title":"Waldbuch f\u00fcr Kinder: Wir sind die Tiere im Wald - Happy Little Llama","robots":{"index":"index","follow":"follow","max-snippet":"max-snippet:-1","max-image-preview":"max-image-preview:large","max-video-preview":"max-video-preview:-1"},"canonical":"https:\/\/happy-little-llama.com\/de\/buch\/wir-sind-die-tiere-im-wald\/","og_locale":"de_DE","og_type":"article","og_title":"Waldbuch f\u00fcr Kinder: Wir sind die Tiere im Wald - Happy Little Llama","og_description":"24 Waldtiere stellen sich vor und erz\u00e4hlen aus ihrem Leben in der Natur","og_url":"https:\/\/happy-little-llama.com\/de\/buch\/wir-sind-die-tiere-im-wald\/","og_site_name":"Happy Little Llama","article_publisher":"https:\/\/www.facebook.com\/HLLbooks","article_modified_time":"2024-03-19T10:12:50+00:00","og_image":[{"width":600,"height":600,"url":"https:\/\/happy-little-llama.com\/wp-content\/uploads\/2023\/04\/wir-sind-die-tiere-im-wald-cover-01.jpg","type":"image\/jpeg"}],"twitter_card":"summary_large_image","twitter_misc":{"Gesch\u00e4tzte Lesezeit":"1\u00a0Minute"},"schema":{"@context":"https:\/\/schema.org","@graph":[{"@type":"WebPage","@id":"https:\/\/happy-little-llama.com\/de\/buch\/wir-sind-die-tiere-im-wald\/","url":"https:\/\/happy-little-llama.com\/de\/buch\/wir-sind-die-tiere-im-wald\/","name":"Waldbuch f\u00fcr Kinder: Wir sind die Tiere im Wald - Happy Little Llama","isPartOf":{"@id":"https:\/\/happy-little-llama.com\/de\/#website"},"primaryImageOfPage":{"@id":"https:\/\/happy-little-llama.com\/de\/buch\/wir-sind-die-tiere-im-wald\/#primaryimage"},"image":{"@id":"https:\/\/happy-little-llama.com\/de\/buch\/wir-sind-die-tiere-im-wald\/#primaryimage"},"thumbnailUrl":"https:\/\/happy-little-llama.com\/wp-content\/uploads\/2023\/04\/wir-sind-die-tiere-im-wald-cover-01.jpg","datePublished":"2023-04-04T09:50:23+00:00","dateModified":"2024-03-19T10:12:50+00:00","breadcrumb":{"@id":"https:\/\/happy-little-llama.com\/de\/buch\/wir-sind-die-tiere-im-wald\/#breadcrumb"},"inLanguage":"de","potentialAction":[{"@type":"ReadAction","target":["https:\/\/happy-little-llama.com\/de\/buch\/wir-sind-die-tiere-im-wald\/"]}]},{"@type":"ImageObject","inLanguage":"de","@id":"https:\/\/happy-little-llama.com\/de\/buch\/wir-sind-die-tiere-im-wald\/#primaryimage","url":"https:\/\/happy-little-llama.com\/wp-content\/uploads\/2023\/04\/wir-sind-die-tiere-im-wald-cover-01.jpg","contentUrl":"https:\/\/happy-little-llama.com\/wp-content\/uploads\/2023\/04\/wir-sind-die-tiere-im-wald-cover-01.jpg","width":600,"height":600,"caption":"Waldbuch f\u00fcr Kinder: Wir sind die Tiere im Wald"},{"@type":"BreadcrumbList","@id":"https:\/\/happy-little-llama.com\/de\/buch\/wir-sind-die-tiere-im-wald\/#breadcrumb","itemListElement":[{"@type":"ListItem","position":1,"name":"Startseite","item":"https:\/\/happy-little-llama.com\/de\/"},{"@type":"ListItem","position":2,"name":"Unsere B\u00fccher","item":"https:\/\/happy-little-llama.com\/de\/unsere-buecher\/"},{"@type":"ListItem","position":3,"name":"Waldbuch f\u00fcr Kinder: Wir sind die Tiere im Wald"}]},{"@type":"WebSite","@id":"https:\/\/happy-little-llama.com\/de\/#website","url":"https:\/\/happy-little-llama.com\/de\/","name":"Happy Little Llama","description":"B\u00fccher f\u00fcr Kinder &amp; Jugendliche zum Ausmalen, Lernen und Kreativsein","publisher":{"@id":"https:\/\/happy-little-llama.com\/de\/#organization"},"potentialAction":[{"@type":"SearchAction","target":{"@type":"EntryPoint","urlTemplate":"https:\/\/happy-little-llama.com\/de\/?s={search_term_string}"},"query-input":{"@type":"PropertyValueSpecification","valueRequired":true,"valueName":"search_term_string"}}],"inLanguage":"de"},{"@type":"Organization","@id":"https:\/\/happy-little-llama.com\/de\/#organization","name":"Happy Little Llama","url":"https:\/\/happy-little-llama.com\/de\/","logo":{"@type":"ImageObject","inLanguage":"de","@id":"https:\/\/happy-little-llama.com\/de\/#\/schema\/logo\/image\/","url":"https:\/\/happy-little-llama.com\/wp-content\/uploads\/2022\/09\/Happy-Little-Lama-Logo-ohne-Text.png","contentUrl":"https:\/\/happy-little-llama.com\/wp-content\/uploads\/2022\/09\/Happy-Little-Lama-Logo-ohne-Text.png","width":777,"height":778,"caption":"Happy Little Llama"},"image":{"@id":"https:\/\/happy-little-llama.com\/de\/#\/schema\/logo\/image\/"},"sameAs":["https:\/\/www.facebook.com\/HLLbooks"]}]}},"_links":{"self":[{"href":"https:\/\/happy-little-llama.com\/de\/wp-json\/wp\/v2\/product\/588","targetHints":{"allow":["GET"]}}],"collection":[{"href":"https:\/\/happy-little-llama.com\/de\/wp-json\/wp\/v2\/product"}],"about":[{"href":"https:\/\/happy-little-llama.com\/de\/wp-json\/wp\/v2\/types\/product"}],"wp:featuredmedia":[{"embeddable":true,"href":"https:\/\/happy-little-llama.com\/de\/wp-json\/wp\/v2\/media\/589"}],"wp:attachment":[{"href":"https:\/\/happy-little-llama.com\/de\/wp-json\/wp\/v2\/media?parent=588"}],"wp:term":[{"taxonomy":"product_brand","embeddable":true,"href":"https:\/\/happy-little-llama.com\/de\/wp-json\/wp\/v2\/product_brand?post=588"},{"taxonomy":"product_cat","embeddable":true,"href":"https:\/\/happy-little-llama.com\/de\/wp-json\/wp\/v2\/product_cat?post=588"},{"taxonomy":"product_tag","embeddable":true,"href":"https:\/\/happy-little-llama.com\/de\/wp-json\/wp\/v2\/product_tag?post=588"}],"curies":[{"name":"wp","href":"https:\/\/api.w.org\/{rel}","templated":true}]}}