{"id":742,"date":"2023-08-28T14:05:03","date_gmt":"2023-08-28T12:05:03","guid":{"rendered":"https:\/\/happy-little-llama.com\/?post_type=product&#038;p=742"},"modified":"2026-04-06T21:32:40","modified_gmt":"2026-04-06T19:32:40","slug":"wir-sind-das-gemuese","status":"publish","type":"product","link":"https:\/\/happy-little-llama.com\/de\/buch\/wir-sind-das-gemuese\/","title":{"rendered":"Gem\u00fcse Buch f\u00fcr Kinder: Wir sind das Gem\u00fcse"},"content":{"rendered":"<h4><span class=\"a-text-bold\">Entdecke die Welt des Gem\u00fcses &#8211; 21 Gem\u00fcsesorten stellen sich vor<\/span><\/h4>\n<p>Tauche mit diesem Bilderbuch in die bunte Gem\u00fcsewelt ein! Hier erwachen\u00a0<span class=\"a-text-bold\">21 verschiedene Gem\u00fcsesorten<\/span>\u00a0zum Leben. Bunte Illustrationen lassen jedes Gem\u00fcse strahlen, w\u00e4hrend du dabei spannende Fakten \u00fcber Farben, Vitamine, Geschmacksrichtungen und mehr erf\u00e4hrst. Die Gem\u00fcsesorten erz\u00e4hlen selbst, was sie jeweils so besonders macht. Dieses Buch ist nicht nur zum Lesen da, es ist eine Einladung, in der K\u00fcche etwas Neues zu probieren. Entdecke mit deinem Kind neue Geschm\u00e4cker und unterst\u00fctze spielerisch eine gesunde Ern\u00e4hrung.<\/p>\n<ul class=\"a-unordered-list a-vertical\">\n<li><span class=\"a-list-item\">Interessante Informationen und erstaunliche Fakten \u00fcber 21 Gem\u00fcsesorten<\/span><\/li>\n<li><span class=\"a-list-item\">Wundersch\u00f6n illustriert im lustigen Aquarell-Stil und lebendigen Farben<\/span><\/li>\n<li><span class=\"a-list-item\">Ermutigt zum Ausprobieren neuer Geschmacksrichtungen und Gerichte<\/span><\/li>\n<li><span class=\"a-list-item\">Gr\u00f6\u00dfe: etwa 21 x 21 cm (quadratisch), Taschenbuch<\/span><\/li>\n<li><span class=\"a-list-item\">Eine perfekte Geschenkidee f\u00fcr kleine Entdecker und Gem\u00fcseliebhaber<\/span><\/li>\n<li><span class=\"a-list-item\">Geeignet ab 4 Jahren<\/span><\/li>\n<\/ul>\n<p>\ud83e\udc46 <a href=\"https:\/\/www.amazon.de\/dp\/B0CJVF57CF\" target=\"_blank\" rel=\"noopener\"><strong>Auch als Kindle E-Book verf\u00fcgbar<\/strong><\/a> (kostenlos mit Kindle Unlimited)<\/p>\n","protected":false},"excerpt":{"rendered":"<h3 id=\"title\" class=\"a-spacing-none a-text-normal\"><span id=\"productTitle\" class=\"a-size-extra-large celwidget\" data-csa-c-id=\"f32zv0-5odgx6-wr3ck9-nxwcx4\" data-cel-widget=\"productTitle\">21 Gem\u00fcsesorten stellen sich vor und erz\u00e4hlen interessante Fakten<\/span><\/h3>\n","protected":false},"featured_media":704,"template":"","meta":{"_acf_changed":false,"site-sidebar-layout":"default","site-content-layout":"default","ast-site-content-layout":"default","site-content-style":"default","site-sidebar-style":"default","ast-global-header-display":"","ast-banner-title-visibility":"","ast-main-header-display":"","ast-hfb-above-header-display":"","ast-hfb-below-header-display":"","ast-hfb-mobile-header-display":"","site-post-title":"","ast-breadcrumbs-content":"","ast-featured-img":"","footer-sml-layout":"","ast-disable-related-posts":"","theme-transparent-header-meta":"default","adv-header-id-meta":"","stick-header-meta":"","header-above-stick-meta":"","header-main-stick-meta":"","header-below-stick-meta":"","astra-migrate-meta-layouts":"set","ast-page-background-enabled":"default","ast-page-background-meta":{"desktop":{"background-color":"var(--ast-global-color-4)","background-image":"","background-repeat":"repeat","background-position":"center center","background-size":"auto","background-attachment":"scroll","background-type":"","background-media":"","overlay-type":"","overlay-color":"","overlay-opacity":"","overlay-gradient":""},"tablet":{"background-color":"","background-image":"","background-repeat":"repeat","background-position":"center center","background-size":"auto","background-attachment":"scroll","background-type":"","background-media":"","overlay-type":"","overlay-color":"","overlay-opacity":"","overlay-gradient":""},"mobile":{"background-color":"","background-image":"","background-repeat":"repeat","background-position":"center center","background-size":"auto","background-attachment":"scroll","background-type":"","background-media":"","overlay-type":"","overlay-color":"","overlay-opacity":"","overlay-gradient":""}},"ast-content-background-meta":{"desktop":{"background-color":"var(--ast-global-color-5)","background-image":"","background-repeat":"repeat","background-position":"center center","background-size":"auto","background-attachment":"scroll","background-type":"","background-media":"","overlay-type":"","overlay-color":"","overlay-opacity":"","overlay-gradient":""},"tablet":{"background-color":"var(--ast-global-color-5)","background-image":"","background-repeat":"repeat","background-position":"center center","background-size":"auto","background-attachment":"scroll","background-type":"","background-media":"","overlay-type":"","overlay-color":"","overlay-opacity":"","overlay-gradient":""},"mobile":{"background-color":"var(--ast-global-color-5)","background-image":"","background-repeat":"repeat","background-position":"center center","background-size":"auto","background-attachment":"scroll","background-type":"","background-media":"","overlay-type":"","overlay-color":"","overlay-opacity":"","overlay-gradient":""}}},"product_brand":[],"product_cat":[68],"product_tag":[72,89,75,90],"class_list":{"0":"post-742","1":"product","2":"type-product","3":"status-publish","4":"has-post-thumbnail","6":"product_cat-bilderbuecher-geschichten","7":"product_tag-bilder","8":"product_tag-ernaehrung","9":"product_tag-illustrationen","10":"product_tag-obst-gemuese","11":"desktop-align-left","12":"tablet-align-left","13":"mobile-align-left","15":"first","16":"instock","17":"shipping-taxable","18":"product-type-external"},"acf":[],"yoast_head":"<!-- This site is optimized with the Yoast SEO plugin v27.3 - https:\/\/yoast.com\/product\/yoast-seo-wordpress\/ -->\n<title>Gem\u00fcse Buch f\u00fcr Kinder: Wir sind das Gem\u00fcse - Happy Little Llama<\/title>\n<meta name=\"robots\" content=\"index, follow, max-snippet:-1, max-image-preview:large, max-video-preview:-1\" \/>\n<link rel=\"canonical\" href=\"https:\/\/happy-little-llama.com\/de\/buch\/wir-sind-das-gemuese\/\" \/>\n<meta property=\"og:locale\" content=\"de_DE\" \/>\n<meta property=\"og:type\" content=\"article\" \/>\n<meta property=\"og:title\" content=\"Gem\u00fcse Buch f\u00fcr Kinder: Wir sind das Gem\u00fcse - Happy Little Llama\" \/>\n<meta property=\"og:description\" content=\"21 Gem\u00fcsesorten stellen sich vor und erz\u00e4hlen interessante Fakten\" \/>\n<meta property=\"og:url\" content=\"https:\/\/happy-little-llama.com\/de\/buch\/wir-sind-das-gemuese\/\" \/>\n<meta property=\"og:site_name\" content=\"Happy Little Llama\" \/>\n<meta property=\"article:publisher\" content=\"https:\/\/www.facebook.com\/HLLbooks\" \/>\n<meta property=\"article:modified_time\" content=\"2026-04-06T19:32:40+00:00\" \/>\n<meta property=\"og:image\" content=\"https:\/\/happy-little-llama.com\/wp-content\/uploads\/2023\/09\/wir-sind-das-gemuese-cover-01.jpg\" \/>\n\t<meta property=\"og:image:width\" content=\"600\" \/>\n\t<meta property=\"og:image:height\" content=\"600\" \/>\n\t<meta property=\"og:image:type\" content=\"image\/jpeg\" \/>\n<meta name=\"twitter:card\" content=\"summary_large_image\" \/>\n<meta name=\"twitter:label1\" content=\"Gesch\u00e4tzte Lesezeit\" \/>\n\t<meta name=\"twitter:data1\" content=\"1\u00a0Minute\" \/>\n<script type=\"application\/ld+json\" class=\"yoast-schema-graph\">{\"@context\":\"https:\\\/\\\/schema.org\",\"@graph\":[{\"@type\":\"WebPage\",\"@id\":\"https:\\\/\\\/happy-little-llama.com\\\/de\\\/buch\\\/wir-sind-das-gemuese\\\/\",\"url\":\"https:\\\/\\\/happy-little-llama.com\\\/de\\\/buch\\\/wir-sind-das-gemuese\\\/\",\"name\":\"Gem\u00fcse Buch f\u00fcr Kinder: Wir sind das Gem\u00fcse - Happy Little Llama\",\"isPartOf\":{\"@id\":\"https:\\\/\\\/happy-little-llama.com\\\/de\\\/#website\"},\"primaryImageOfPage\":{\"@id\":\"https:\\\/\\\/happy-little-llama.com\\\/de\\\/buch\\\/wir-sind-das-gemuese\\\/#primaryimage\"},\"image\":{\"@id\":\"https:\\\/\\\/happy-little-llama.com\\\/de\\\/buch\\\/wir-sind-das-gemuese\\\/#primaryimage\"},\"thumbnailUrl\":\"https:\\\/\\\/happy-little-llama.com\\\/wp-content\\\/uploads\\\/2023\\\/09\\\/wir-sind-das-gemuese-cover-01.jpg\",\"datePublished\":\"2023-08-28T12:05:03+00:00\",\"dateModified\":\"2026-04-06T19:32:40+00:00\",\"breadcrumb\":{\"@id\":\"https:\\\/\\\/happy-little-llama.com\\\/de\\\/buch\\\/wir-sind-das-gemuese\\\/#breadcrumb\"},\"inLanguage\":\"de\",\"potentialAction\":[{\"@type\":\"ReadAction\",\"target\":[\"https:\\\/\\\/happy-little-llama.com\\\/de\\\/buch\\\/wir-sind-das-gemuese\\\/\"]}]},{\"@type\":\"ImageObject\",\"inLanguage\":\"de\",\"@id\":\"https:\\\/\\\/happy-little-llama.com\\\/de\\\/buch\\\/wir-sind-das-gemuese\\\/#primaryimage\",\"url\":\"https:\\\/\\\/happy-little-llama.com\\\/wp-content\\\/uploads\\\/2023\\\/09\\\/wir-sind-das-gemuese-cover-01.jpg\",\"contentUrl\":\"https:\\\/\\\/happy-little-llama.com\\\/wp-content\\\/uploads\\\/2023\\\/09\\\/wir-sind-das-gemuese-cover-01.jpg\",\"width\":600,\"height\":600,\"caption\":\"Gem\u00fcse Buch f\u00fcr Kinder: Wir sind das Gem\u00fcse\"},{\"@type\":\"BreadcrumbList\",\"@id\":\"https:\\\/\\\/happy-little-llama.com\\\/de\\\/buch\\\/wir-sind-das-gemuese\\\/#breadcrumb\",\"itemListElement\":[{\"@type\":\"ListItem\",\"position\":1,\"name\":\"Startseite\",\"item\":\"https:\\\/\\\/happy-little-llama.com\\\/de\\\/\"},{\"@type\":\"ListItem\",\"position\":2,\"name\":\"Unsere B\u00fccher\",\"item\":\"https:\\\/\\\/happy-little-llama.com\\\/de\\\/unsere-buecher\\\/\"},{\"@type\":\"ListItem\",\"position\":3,\"name\":\"Gem\u00fcse Buch f\u00fcr Kinder: Wir sind das Gem\u00fcse\"}]},{\"@type\":\"WebSite\",\"@id\":\"https:\\\/\\\/happy-little-llama.com\\\/de\\\/#website\",\"url\":\"https:\\\/\\\/happy-little-llama.com\\\/de\\\/\",\"name\":\"Happy Little Llama\",\"description\":\"B\u00fccher f\u00fcr Kinder &amp; Jugendliche zum Ausmalen, Lernen und Kreativsein\",\"publisher\":{\"@id\":\"https:\\\/\\\/happy-little-llama.com\\\/de\\\/#organization\"},\"potentialAction\":[{\"@type\":\"SearchAction\",\"target\":{\"@type\":\"EntryPoint\",\"urlTemplate\":\"https:\\\/\\\/happy-little-llama.com\\\/de\\\/?s={search_term_string}\"},\"query-input\":{\"@type\":\"PropertyValueSpecification\",\"valueRequired\":true,\"valueName\":\"search_term_string\"}}],\"inLanguage\":\"de\"},{\"@type\":\"Organization\",\"@id\":\"https:\\\/\\\/happy-little-llama.com\\\/de\\\/#organization\",\"name\":\"Happy Little Llama\",\"url\":\"https:\\\/\\\/happy-little-llama.com\\\/de\\\/\",\"logo\":{\"@type\":\"ImageObject\",\"inLanguage\":\"de\",\"@id\":\"https:\\\/\\\/happy-little-llama.com\\\/de\\\/#\\\/schema\\\/logo\\\/image\\\/\",\"url\":\"https:\\\/\\\/happy-little-llama.com\\\/wp-content\\\/uploads\\\/2022\\\/09\\\/Happy-Little-Lama-Logo-ohne-Text.png\",\"contentUrl\":\"https:\\\/\\\/happy-little-llama.com\\\/wp-content\\\/uploads\\\/2022\\\/09\\\/Happy-Little-Lama-Logo-ohne-Text.png\",\"width\":777,\"height\":778,\"caption\":\"Happy Little Llama\"},\"image\":{\"@id\":\"https:\\\/\\\/happy-little-llama.com\\\/de\\\/#\\\/schema\\\/logo\\\/image\\\/\"},\"sameAs\":[\"https:\\\/\\\/www.facebook.com\\\/HLLbooks\"]}]}<\/script>\n<!-- \/ Yoast SEO plugin. -->","yoast_head_json":{"title":"Gem\u00fcse Buch f\u00fcr Kinder: Wir sind das Gem\u00fcse - Happy Little Llama","robots":{"index":"index","follow":"follow","max-snippet":"max-snippet:-1","max-image-preview":"max-image-preview:large","max-video-preview":"max-video-preview:-1"},"canonical":"https:\/\/happy-little-llama.com\/de\/buch\/wir-sind-das-gemuese\/","og_locale":"de_DE","og_type":"article","og_title":"Gem\u00fcse Buch f\u00fcr Kinder: Wir sind das Gem\u00fcse - Happy Little Llama","og_description":"21 Gem\u00fcsesorten stellen sich vor und erz\u00e4hlen interessante Fakten","og_url":"https:\/\/happy-little-llama.com\/de\/buch\/wir-sind-das-gemuese\/","og_site_name":"Happy Little Llama","article_publisher":"https:\/\/www.facebook.com\/HLLbooks","article_modified_time":"2026-04-06T19:32:40+00:00","og_image":[{"width":600,"height":600,"url":"https:\/\/happy-little-llama.com\/wp-content\/uploads\/2023\/09\/wir-sind-das-gemuese-cover-01.jpg","type":"image\/jpeg"}],"twitter_card":"summary_large_image","twitter_misc":{"Gesch\u00e4tzte Lesezeit":"1\u00a0Minute"},"schema":{"@context":"https:\/\/schema.org","@graph":[{"@type":"WebPage","@id":"https:\/\/happy-little-llama.com\/de\/buch\/wir-sind-das-gemuese\/","url":"https:\/\/happy-little-llama.com\/de\/buch\/wir-sind-das-gemuese\/","name":"Gem\u00fcse Buch f\u00fcr Kinder: Wir sind das Gem\u00fcse - Happy Little Llama","isPartOf":{"@id":"https:\/\/happy-little-llama.com\/de\/#website"},"primaryImageOfPage":{"@id":"https:\/\/happy-little-llama.com\/de\/buch\/wir-sind-das-gemuese\/#primaryimage"},"image":{"@id":"https:\/\/happy-little-llama.com\/de\/buch\/wir-sind-das-gemuese\/#primaryimage"},"thumbnailUrl":"https:\/\/happy-little-llama.com\/wp-content\/uploads\/2023\/09\/wir-sind-das-gemuese-cover-01.jpg","datePublished":"2023-08-28T12:05:03+00:00","dateModified":"2026-04-06T19:32:40+00:00","breadcrumb":{"@id":"https:\/\/happy-little-llama.com\/de\/buch\/wir-sind-das-gemuese\/#breadcrumb"},"inLanguage":"de","potentialAction":[{"@type":"ReadAction","target":["https:\/\/happy-little-llama.com\/de\/buch\/wir-sind-das-gemuese\/"]}]},{"@type":"ImageObject","inLanguage":"de","@id":"https:\/\/happy-little-llama.com\/de\/buch\/wir-sind-das-gemuese\/#primaryimage","url":"https:\/\/happy-little-llama.com\/wp-content\/uploads\/2023\/09\/wir-sind-das-gemuese-cover-01.jpg","contentUrl":"https:\/\/happy-little-llama.com\/wp-content\/uploads\/2023\/09\/wir-sind-das-gemuese-cover-01.jpg","width":600,"height":600,"caption":"Gem\u00fcse Buch f\u00fcr Kinder: Wir sind das Gem\u00fcse"},{"@type":"BreadcrumbList","@id":"https:\/\/happy-little-llama.com\/de\/buch\/wir-sind-das-gemuese\/#breadcrumb","itemListElement":[{"@type":"ListItem","position":1,"name":"Startseite","item":"https:\/\/happy-little-llama.com\/de\/"},{"@type":"ListItem","position":2,"name":"Unsere B\u00fccher","item":"https:\/\/happy-little-llama.com\/de\/unsere-buecher\/"},{"@type":"ListItem","position":3,"name":"Gem\u00fcse Buch f\u00fcr Kinder: Wir sind das Gem\u00fcse"}]},{"@type":"WebSite","@id":"https:\/\/happy-little-llama.com\/de\/#website","url":"https:\/\/happy-little-llama.com\/de\/","name":"Happy Little Llama","description":"B\u00fccher f\u00fcr Kinder &amp; Jugendliche zum Ausmalen, Lernen und Kreativsein","publisher":{"@id":"https:\/\/happy-little-llama.com\/de\/#organization"},"potentialAction":[{"@type":"SearchAction","target":{"@type":"EntryPoint","urlTemplate":"https:\/\/happy-little-llama.com\/de\/?s={search_term_string}"},"query-input":{"@type":"PropertyValueSpecification","valueRequired":true,"valueName":"search_term_string"}}],"inLanguage":"de"},{"@type":"Organization","@id":"https:\/\/happy-little-llama.com\/de\/#organization","name":"Happy Little Llama","url":"https:\/\/happy-little-llama.com\/de\/","logo":{"@type":"ImageObject","inLanguage":"de","@id":"https:\/\/happy-little-llama.com\/de\/#\/schema\/logo\/image\/","url":"https:\/\/happy-little-llama.com\/wp-content\/uploads\/2022\/09\/Happy-Little-Lama-Logo-ohne-Text.png","contentUrl":"https:\/\/happy-little-llama.com\/wp-content\/uploads\/2022\/09\/Happy-Little-Lama-Logo-ohne-Text.png","width":777,"height":778,"caption":"Happy Little Llama"},"image":{"@id":"https:\/\/happy-little-llama.com\/de\/#\/schema\/logo\/image\/"},"sameAs":["https:\/\/www.facebook.com\/HLLbooks"]}]}},"_links":{"self":[{"href":"https:\/\/happy-little-llama.com\/de\/wp-json\/wp\/v2\/product\/742","targetHints":{"allow":["GET"]}}],"collection":[{"href":"https:\/\/happy-little-llama.com\/de\/wp-json\/wp\/v2\/product"}],"about":[{"href":"https:\/\/happy-little-llama.com\/de\/wp-json\/wp\/v2\/types\/product"}],"wp:featuredmedia":[{"embeddable":true,"href":"https:\/\/happy-little-llama.com\/de\/wp-json\/wp\/v2\/media\/704"}],"wp:attachment":[{"href":"https:\/\/happy-little-llama.com\/de\/wp-json\/wp\/v2\/media?parent=742"}],"wp:term":[{"taxonomy":"product_brand","embeddable":true,"href":"https:\/\/happy-little-llama.com\/de\/wp-json\/wp\/v2\/product_brand?post=742"},{"taxonomy":"product_cat","embeddable":true,"href":"https:\/\/happy-little-llama.com\/de\/wp-json\/wp\/v2\/product_cat?post=742"},{"taxonomy":"product_tag","embeddable":true,"href":"https:\/\/happy-little-llama.com\/de\/wp-json\/wp\/v2\/product_tag?post=742"}],"curies":[{"name":"wp","href":"https:\/\/api.w.org\/{rel}","templated":true}]}}