{"id":769,"date":"2023-11-27T13:33:11","date_gmt":"2023-11-27T12:33:11","guid":{"rendered":"https:\/\/happy-little-llama.com\/?post_type=product&#038;p=769"},"modified":"2023-11-27T13:48:45","modified_gmt":"2023-11-27T12:48:45","slug":"tomek-maly-traktorek","status":"publish","type":"product","link":"https:\/\/happy-little-llama.com\/de\/buch\/tomek-maly-traktorek\/","title":{"rendered":"Tomek Ma\u0142y Traktorek (Polnisch)"},"content":{"rendered":"<h4><span class=\"a-text-bold\">&#8222;Tomek Ma\u0142y Traktorek&#8220; &#8211; wspania\u0142a ksi\u0105\u017cka dla dzieci w wieku od 3 lat<\/span><\/h4>\n<p>Opowie\u015b\u0107 o uczynno\u015bci i odwadze: Do\u0142\u0105cz do Tomka w jego przygodzie na farmie, gdy u\u017cywa swojej wyj\u0105tkowej \u0142adowarki czo\u0142owej, aby uratowa\u0107 kacz\u0105tko i zosta\u0107 bohaterem wioski. Twoje dziecko b\u0119dzie zachwycone t\u0105 histori\u0105 o determinacji, ci\u0119\u017ckiej pracy i uczynno\u015bci.<\/p>\n<ul class=\"a-unordered-list a-vertical\">\n<li><span class=\"a-list-item\">Wzruszaj\u0105ca opowie\u015b\u0107 o ma\u0142ym traktorze o imieniu Tomek i kilku kaczkach<\/span><\/li>\n<li><span class=\"a-list-item\">Uczy, jak wa\u017cna jest uczynno\u015b\u0107<\/span><\/li>\n<li><span class=\"a-list-item\">Zach\u0119ca m\u0142odych czytelnik\u00f3w do wnoszenia pozytywnego wk\u0142adu<\/span><\/li>\n<li><span class=\"a-list-item\">Pi\u0119knie zilustrowany w uroczym akwarelowym stylu i \u017cywych kolorach<\/span><\/li>\n<li><span class=\"a-list-item\">Rozmiar: oko\u0142o 21 x 21 cm (kwadrat), mi\u0119kka oprawa<\/span><\/li>\n<li><span class=\"a-list-item\">Idealny pomys\u0142 na prezent dla m\u0142odych czytelnik\u00f3w i fan\u00f3w traktor\u00f3w<\/span><\/li>\n<\/ul>\n","protected":false},"excerpt":{"rendered":"<h3>Opowie\u015b\u0107 o uczynno\u015bci i odwadze<\/h3>\n","protected":false},"featured_media":771,"template":"","meta":{"_acf_changed":false,"site-sidebar-layout":"default","site-content-layout":"default","ast-site-content-layout":"default","site-content-style":"default","site-sidebar-style":"default","ast-global-header-display":"","ast-banner-title-visibility":"","ast-main-header-display":"","ast-hfb-above-header-display":"","ast-hfb-below-header-display":"","ast-hfb-mobile-header-display":"","site-post-title":"","ast-breadcrumbs-content":"","ast-featured-img":"","footer-sml-layout":"","ast-disable-related-posts":"","theme-transparent-header-meta":"default","adv-header-id-meta":"","stick-header-meta":"","header-above-stick-meta":"","header-main-stick-meta":"","header-below-stick-meta":"","astra-migrate-meta-layouts":"set","ast-page-background-enabled":"default","ast-page-background-meta":{"desktop":{"background-color":"var(--ast-global-color-4)","background-image":"","background-repeat":"repeat","background-position":"center center","background-size":"auto","background-attachment":"scroll","background-type":"","background-media":"","overlay-type":"","overlay-color":"","overlay-opacity":"","overlay-gradient":""},"tablet":{"background-color":"","background-image":"","background-repeat":"repeat","background-position":"center center","background-size":"auto","background-attachment":"scroll","background-type":"","background-media":"","overlay-type":"","overlay-color":"","overlay-opacity":"","overlay-gradient":""},"mobile":{"background-color":"","background-image":"","background-repeat":"repeat","background-position":"center center","background-size":"auto","background-attachment":"scroll","background-type":"","background-media":"","overlay-type":"","overlay-color":"","overlay-opacity":"","overlay-gradient":""}},"ast-content-background-meta":{"desktop":{"background-color":"var(--ast-global-color-5)","background-image":"","background-repeat":"repeat","background-position":"center center","background-size":"auto","background-attachment":"scroll","background-type":"","background-media":"","overlay-type":"","overlay-color":"","overlay-opacity":"","overlay-gradient":""},"tablet":{"background-color":"var(--ast-global-color-5)","background-image":"","background-repeat":"repeat","background-position":"center center","background-size":"auto","background-attachment":"scroll","background-type":"","background-media":"","overlay-type":"","overlay-color":"","overlay-opacity":"","overlay-gradient":""},"mobile":{"background-color":"var(--ast-global-color-5)","background-image":"","background-repeat":"repeat","background-position":"center center","background-size":"auto","background-attachment":"scroll","background-type":"","background-media":"","overlay-type":"","overlay-color":"","overlay-opacity":"","overlay-gradient":""}}},"product_brand":[],"product_cat":[68],"product_tag":[72,70,75,53,93,94,54],"class_list":{"0":"post-769","1":"product","2":"type-product","3":"status-publish","4":"has-post-thumbnail","6":"product_cat-bilderbuecher-geschichten","7":"product_tag-bilder","8":"product_tag-geschichte","9":"product_tag-illustrationen","10":"product_tag-landwirtschaft","11":"product_tag-polnisch","12":"product_tag-polski-de","13":"product_tag-traktor","14":"desktop-align-left","15":"tablet-align-left","16":"mobile-align-left","18":"first","19":"instock","20":"shipping-taxable","21":"product-type-external"},"acf":[],"yoast_head":"<!-- This site is optimized with the Yoast SEO plugin v27.4 - https:\/\/yoast.com\/product\/yoast-seo-wordpress\/ -->\n<title>Tomek Ma\u0142y Traktorek (Polnisch) - Happy Little Llama<\/title>\n<meta name=\"robots\" content=\"index, follow, max-snippet:-1, max-image-preview:large, max-video-preview:-1\" \/>\n<link rel=\"canonical\" href=\"https:\/\/happy-little-llama.com\/de\/buch\/tomek-maly-traktorek\/\" \/>\n<meta property=\"og:locale\" content=\"de_DE\" \/>\n<meta property=\"og:type\" content=\"article\" \/>\n<meta property=\"og:title\" content=\"Tomek Ma\u0142y Traktorek (Polnisch) - Happy Little Llama\" \/>\n<meta property=\"og:description\" content=\"Opowie\u015b\u0107 o uczynno\u015bci i odwadze\" \/>\n<meta property=\"og:url\" content=\"https:\/\/happy-little-llama.com\/de\/buch\/tomek-maly-traktorek\/\" \/>\n<meta property=\"og:site_name\" content=\"Happy Little Llama\" \/>\n<meta property=\"article:publisher\" content=\"https:\/\/www.facebook.com\/HLLbooks\" \/>\n<meta property=\"article:modified_time\" content=\"2023-11-27T12:48:45+00:00\" \/>\n<meta property=\"og:image\" content=\"https:\/\/happy-little-llama.com\/wp-content\/uploads\/2023\/11\/tomek-maly-traktorek-cover-01.jpg\" \/>\n\t<meta property=\"og:image:width\" content=\"600\" \/>\n\t<meta property=\"og:image:height\" content=\"600\" \/>\n\t<meta property=\"og:image:type\" content=\"image\/jpeg\" \/>\n<meta name=\"twitter:card\" content=\"summary_large_image\" \/>\n<meta name=\"twitter:label1\" content=\"Gesch\u00e4tzte Lesezeit\" \/>\n\t<meta name=\"twitter:data1\" content=\"1\u00a0Minute\" \/>\n<script type=\"application\/ld+json\" class=\"yoast-schema-graph\">{\"@context\":\"https:\\\/\\\/schema.org\",\"@graph\":[{\"@type\":\"WebPage\",\"@id\":\"https:\\\/\\\/happy-little-llama.com\\\/de\\\/buch\\\/tomek-maly-traktorek\\\/\",\"url\":\"https:\\\/\\\/happy-little-llama.com\\\/de\\\/buch\\\/tomek-maly-traktorek\\\/\",\"name\":\"Tomek Ma\u0142y Traktorek (Polnisch) - Happy Little Llama\",\"isPartOf\":{\"@id\":\"https:\\\/\\\/happy-little-llama.com\\\/de\\\/#website\"},\"primaryImageOfPage\":{\"@id\":\"https:\\\/\\\/happy-little-llama.com\\\/de\\\/buch\\\/tomek-maly-traktorek\\\/#primaryimage\"},\"image\":{\"@id\":\"https:\\\/\\\/happy-little-llama.com\\\/de\\\/buch\\\/tomek-maly-traktorek\\\/#primaryimage\"},\"thumbnailUrl\":\"https:\\\/\\\/happy-little-llama.com\\\/wp-content\\\/uploads\\\/2023\\\/11\\\/tomek-maly-traktorek-cover-01.jpg\",\"datePublished\":\"2023-11-27T12:33:11+00:00\",\"dateModified\":\"2023-11-27T12:48:45+00:00\",\"breadcrumb\":{\"@id\":\"https:\\\/\\\/happy-little-llama.com\\\/de\\\/buch\\\/tomek-maly-traktorek\\\/#breadcrumb\"},\"inLanguage\":\"de\",\"potentialAction\":[{\"@type\":\"ReadAction\",\"target\":[\"https:\\\/\\\/happy-little-llama.com\\\/de\\\/buch\\\/tomek-maly-traktorek\\\/\"]}]},{\"@type\":\"ImageObject\",\"inLanguage\":\"de\",\"@id\":\"https:\\\/\\\/happy-little-llama.com\\\/de\\\/buch\\\/tomek-maly-traktorek\\\/#primaryimage\",\"url\":\"https:\\\/\\\/happy-little-llama.com\\\/wp-content\\\/uploads\\\/2023\\\/11\\\/tomek-maly-traktorek-cover-01.jpg\",\"contentUrl\":\"https:\\\/\\\/happy-little-llama.com\\\/wp-content\\\/uploads\\\/2023\\\/11\\\/tomek-maly-traktorek-cover-01.jpg\",\"width\":600,\"height\":600,\"caption\":\"Tomek Ma (Polish edition) Front Cover\"},{\"@type\":\"BreadcrumbList\",\"@id\":\"https:\\\/\\\/happy-little-llama.com\\\/de\\\/buch\\\/tomek-maly-traktorek\\\/#breadcrumb\",\"itemListElement\":[{\"@type\":\"ListItem\",\"position\":1,\"name\":\"Startseite\",\"item\":\"https:\\\/\\\/happy-little-llama.com\\\/de\\\/\"},{\"@type\":\"ListItem\",\"position\":2,\"name\":\"Unsere B\u00fccher\",\"item\":\"https:\\\/\\\/happy-little-llama.com\\\/de\\\/unsere-buecher\\\/\"},{\"@type\":\"ListItem\",\"position\":3,\"name\":\"Tomek Ma\u0142y Traktorek (Polnisch)\"}]},{\"@type\":\"WebSite\",\"@id\":\"https:\\\/\\\/happy-little-llama.com\\\/de\\\/#website\",\"url\":\"https:\\\/\\\/happy-little-llama.com\\\/de\\\/\",\"name\":\"Happy Little Llama\",\"description\":\"B\u00fccher f\u00fcr Kinder &amp; Jugendliche zum Ausmalen, Lernen und Kreativsein\",\"publisher\":{\"@id\":\"https:\\\/\\\/happy-little-llama.com\\\/de\\\/#organization\"},\"potentialAction\":[{\"@type\":\"SearchAction\",\"target\":{\"@type\":\"EntryPoint\",\"urlTemplate\":\"https:\\\/\\\/happy-little-llama.com\\\/de\\\/?s={search_term_string}\"},\"query-input\":{\"@type\":\"PropertyValueSpecification\",\"valueRequired\":true,\"valueName\":\"search_term_string\"}}],\"inLanguage\":\"de\"},{\"@type\":\"Organization\",\"@id\":\"https:\\\/\\\/happy-little-llama.com\\\/de\\\/#organization\",\"name\":\"Happy Little Llama\",\"url\":\"https:\\\/\\\/happy-little-llama.com\\\/de\\\/\",\"logo\":{\"@type\":\"ImageObject\",\"inLanguage\":\"de\",\"@id\":\"https:\\\/\\\/happy-little-llama.com\\\/de\\\/#\\\/schema\\\/logo\\\/image\\\/\",\"url\":\"https:\\\/\\\/happy-little-llama.com\\\/wp-content\\\/uploads\\\/2022\\\/09\\\/Happy-Little-Lama-Logo-ohne-Text.png\",\"contentUrl\":\"https:\\\/\\\/happy-little-llama.com\\\/wp-content\\\/uploads\\\/2022\\\/09\\\/Happy-Little-Lama-Logo-ohne-Text.png\",\"width\":777,\"height\":778,\"caption\":\"Happy Little Llama\"},\"image\":{\"@id\":\"https:\\\/\\\/happy-little-llama.com\\\/de\\\/#\\\/schema\\\/logo\\\/image\\\/\"},\"sameAs\":[\"https:\\\/\\\/www.facebook.com\\\/HLLbooks\"]}]}<\/script>\n<!-- \/ Yoast SEO plugin. -->","yoast_head_json":{"title":"Tomek Ma\u0142y Traktorek (Polnisch) - Happy Little Llama","robots":{"index":"index","follow":"follow","max-snippet":"max-snippet:-1","max-image-preview":"max-image-preview:large","max-video-preview":"max-video-preview:-1"},"canonical":"https:\/\/happy-little-llama.com\/de\/buch\/tomek-maly-traktorek\/","og_locale":"de_DE","og_type":"article","og_title":"Tomek Ma\u0142y Traktorek (Polnisch) - Happy Little Llama","og_description":"Opowie\u015b\u0107 o uczynno\u015bci i odwadze","og_url":"https:\/\/happy-little-llama.com\/de\/buch\/tomek-maly-traktorek\/","og_site_name":"Happy Little Llama","article_publisher":"https:\/\/www.facebook.com\/HLLbooks","article_modified_time":"2023-11-27T12:48:45+00:00","og_image":[{"width":600,"height":600,"url":"https:\/\/happy-little-llama.com\/wp-content\/uploads\/2023\/11\/tomek-maly-traktorek-cover-01.jpg","type":"image\/jpeg"}],"twitter_card":"summary_large_image","twitter_misc":{"Gesch\u00e4tzte Lesezeit":"1\u00a0Minute"},"schema":{"@context":"https:\/\/schema.org","@graph":[{"@type":"WebPage","@id":"https:\/\/happy-little-llama.com\/de\/buch\/tomek-maly-traktorek\/","url":"https:\/\/happy-little-llama.com\/de\/buch\/tomek-maly-traktorek\/","name":"Tomek Ma\u0142y Traktorek (Polnisch) - Happy Little Llama","isPartOf":{"@id":"https:\/\/happy-little-llama.com\/de\/#website"},"primaryImageOfPage":{"@id":"https:\/\/happy-little-llama.com\/de\/buch\/tomek-maly-traktorek\/#primaryimage"},"image":{"@id":"https:\/\/happy-little-llama.com\/de\/buch\/tomek-maly-traktorek\/#primaryimage"},"thumbnailUrl":"https:\/\/happy-little-llama.com\/wp-content\/uploads\/2023\/11\/tomek-maly-traktorek-cover-01.jpg","datePublished":"2023-11-27T12:33:11+00:00","dateModified":"2023-11-27T12:48:45+00:00","breadcrumb":{"@id":"https:\/\/happy-little-llama.com\/de\/buch\/tomek-maly-traktorek\/#breadcrumb"},"inLanguage":"de","potentialAction":[{"@type":"ReadAction","target":["https:\/\/happy-little-llama.com\/de\/buch\/tomek-maly-traktorek\/"]}]},{"@type":"ImageObject","inLanguage":"de","@id":"https:\/\/happy-little-llama.com\/de\/buch\/tomek-maly-traktorek\/#primaryimage","url":"https:\/\/happy-little-llama.com\/wp-content\/uploads\/2023\/11\/tomek-maly-traktorek-cover-01.jpg","contentUrl":"https:\/\/happy-little-llama.com\/wp-content\/uploads\/2023\/11\/tomek-maly-traktorek-cover-01.jpg","width":600,"height":600,"caption":"Tomek Ma (Polish edition) Front Cover"},{"@type":"BreadcrumbList","@id":"https:\/\/happy-little-llama.com\/de\/buch\/tomek-maly-traktorek\/#breadcrumb","itemListElement":[{"@type":"ListItem","position":1,"name":"Startseite","item":"https:\/\/happy-little-llama.com\/de\/"},{"@type":"ListItem","position":2,"name":"Unsere B\u00fccher","item":"https:\/\/happy-little-llama.com\/de\/unsere-buecher\/"},{"@type":"ListItem","position":3,"name":"Tomek Ma\u0142y Traktorek (Polnisch)"}]},{"@type":"WebSite","@id":"https:\/\/happy-little-llama.com\/de\/#website","url":"https:\/\/happy-little-llama.com\/de\/","name":"Happy Little Llama","description":"B\u00fccher f\u00fcr Kinder &amp; Jugendliche zum Ausmalen, Lernen und Kreativsein","publisher":{"@id":"https:\/\/happy-little-llama.com\/de\/#organization"},"potentialAction":[{"@type":"SearchAction","target":{"@type":"EntryPoint","urlTemplate":"https:\/\/happy-little-llama.com\/de\/?s={search_term_string}"},"query-input":{"@type":"PropertyValueSpecification","valueRequired":true,"valueName":"search_term_string"}}],"inLanguage":"de"},{"@type":"Organization","@id":"https:\/\/happy-little-llama.com\/de\/#organization","name":"Happy Little Llama","url":"https:\/\/happy-little-llama.com\/de\/","logo":{"@type":"ImageObject","inLanguage":"de","@id":"https:\/\/happy-little-llama.com\/de\/#\/schema\/logo\/image\/","url":"https:\/\/happy-little-llama.com\/wp-content\/uploads\/2022\/09\/Happy-Little-Lama-Logo-ohne-Text.png","contentUrl":"https:\/\/happy-little-llama.com\/wp-content\/uploads\/2022\/09\/Happy-Little-Lama-Logo-ohne-Text.png","width":777,"height":778,"caption":"Happy Little Llama"},"image":{"@id":"https:\/\/happy-little-llama.com\/de\/#\/schema\/logo\/image\/"},"sameAs":["https:\/\/www.facebook.com\/HLLbooks"]}]}},"_links":{"self":[{"href":"https:\/\/happy-little-llama.com\/de\/wp-json\/wp\/v2\/product\/769","targetHints":{"allow":["GET"]}}],"collection":[{"href":"https:\/\/happy-little-llama.com\/de\/wp-json\/wp\/v2\/product"}],"about":[{"href":"https:\/\/happy-little-llama.com\/de\/wp-json\/wp\/v2\/types\/product"}],"wp:featuredmedia":[{"embeddable":true,"href":"https:\/\/happy-little-llama.com\/de\/wp-json\/wp\/v2\/media\/771"}],"wp:attachment":[{"href":"https:\/\/happy-little-llama.com\/de\/wp-json\/wp\/v2\/media?parent=769"}],"wp:term":[{"taxonomy":"product_brand","embeddable":true,"href":"https:\/\/happy-little-llama.com\/de\/wp-json\/wp\/v2\/product_brand?post=769"},{"taxonomy":"product_cat","embeddable":true,"href":"https:\/\/happy-little-llama.com\/de\/wp-json\/wp\/v2\/product_cat?post=769"},{"taxonomy":"product_tag","embeddable":true,"href":"https:\/\/happy-little-llama.com\/de\/wp-json\/wp\/v2\/product_tag?post=769"}],"curies":[{"name":"wp","href":"https:\/\/api.w.org\/{rel}","templated":true}]}}