{"id":841,"date":"2024-03-18T10:25:23","date_gmt":"2024-03-18T09:25:23","guid":{"rendered":"https:\/\/happy-little-llama.com\/?post_type=product&#038;p=841"},"modified":"2024-03-18T10:28:11","modified_gmt":"2024-03-18T09:28:11","slug":"positive-affirmationen-malbuch","status":"publish","type":"product","link":"https:\/\/happy-little-llama.com\/de\/buch\/positive-affirmationen-malbuch\/","title":{"rendered":"Positive Affirmationen Malbuch f\u00fcr Kinder"},"content":{"rendered":"<p>Tauche ein in eine Welt voller positiver Worte und Kreativit\u00e4t mit unserem Affirmationen Malbuch f\u00fcr Kinder! Dieses Malbuch wurde entwickelt, um Kinder zu ermutigen und zu st\u00e4rken. Mit 20 positiven Affirmationen und\u00a0<span class=\"a-text-bold\">jeder Menge Abwechslung<\/span>\u00a0kann das Selbstvertrauen und das Selbstwertgef\u00fchl gef\u00f6rdert werden. Jede Affirmation wird von liebevollen Illustrationen und einem lebendigen Hintergrund begleitet, die darauf warten, mit Farbe zum Leben erweckt zu werden.<\/p>\n<h4><span class=\"a-text-bold\">Dieses Affirmationen Malbuch bietet:<\/span><\/h4>\n<ul class=\"a-unordered-list a-vertical\">\n<li><span class=\"a-list-item\">20 positive Affirmationen, die Zuversicht und Positivit\u00e4t vermitteln<\/span><\/li>\n<li><span class=\"a-list-item\">42 Seiten auf wei\u00dfem Papier, jeweils einseitig bedruckt, damit keine Farben durchscheinen<\/span><\/li>\n<li><span class=\"a-list-item\">Wundersch\u00f6n gestaltete Illustrationen, die junge K\u00f6pfe ansprechen und fesseln<\/span><\/li>\n<li><span class=\"a-list-item\">Ideal zur F\u00f6rderung von Kreativit\u00e4t, Achtsamkeit, positivem Denken und Konzentration<\/span><\/li>\n<li><span class=\"a-list-item\">Geeignet f\u00fcr Kinder ab ca. 5 Jahren<\/span><\/li>\n<li><span class=\"a-list-item\">Gr\u00f6\u00dfe: 21,5 x 21,5 cm (quadratisch), Taschenbuch<\/span><\/li>\n<li><span class=\"a-list-item\">Eine perfekte Geschenkidee f\u00fcr Geburtstage, Weihnachten, Ostern usw.<\/span><\/li>\n<\/ul>\n","protected":false},"excerpt":{"rendered":"<h3 id=\"title\" class=\"a-spacing-none a-text-normal\"><span id=\"productTitle\" class=\"a-size-extra-large celwidget\" data-csa-c-id=\"new22f-5ipxt9-ol9rcx-pcudy7\" data-cel-widget=\"productTitle\">Malbuch mit 20 st\u00e4rkenden Affirmationen f\u00fcr Kinder und Jugendliche<\/span><\/h3>\n","protected":false},"featured_media":836,"template":"","meta":{"_acf_changed":false,"site-sidebar-layout":"default","site-content-layout":"","ast-site-content-layout":"default","site-content-style":"default","site-sidebar-style":"default","ast-global-header-display":"","ast-banner-title-visibility":"","ast-main-header-display":"","ast-hfb-above-header-display":"","ast-hfb-below-header-display":"","ast-hfb-mobile-header-display":"","site-post-title":"","ast-breadcrumbs-content":"","ast-featured-img":"","footer-sml-layout":"","ast-disable-related-posts":"","theme-transparent-header-meta":"default","adv-header-id-meta":"","stick-header-meta":"","header-above-stick-meta":"","header-main-stick-meta":"","header-below-stick-meta":"","astra-migrate-meta-layouts":"set","ast-page-background-enabled":"default","ast-page-background-meta":{"desktop":{"background-color":"var(--ast-global-color-4)","background-image":"","background-repeat":"repeat","background-position":"center center","background-size":"auto","background-attachment":"scroll","background-type":"","background-media":"","overlay-type":"","overlay-color":"","overlay-opacity":"","overlay-gradient":""},"tablet":{"background-color":"","background-image":"","background-repeat":"repeat","background-position":"center center","background-size":"auto","background-attachment":"scroll","background-type":"","background-media":"","overlay-type":"","overlay-color":"","overlay-opacity":"","overlay-gradient":""},"mobile":{"background-color":"","background-image":"","background-repeat":"repeat","background-position":"center center","background-size":"auto","background-attachment":"scroll","background-type":"","background-media":"","overlay-type":"","overlay-color":"","overlay-opacity":"","overlay-gradient":""}},"ast-content-background-meta":{"desktop":{"background-color":"var(--ast-global-color-5)","background-image":"","background-repeat":"repeat","background-position":"center center","background-size":"auto","background-attachment":"scroll","background-type":"","background-media":"","overlay-type":"","overlay-color":"","overlay-opacity":"","overlay-gradient":""},"tablet":{"background-color":"var(--ast-global-color-5)","background-image":"","background-repeat":"repeat","background-position":"center center","background-size":"auto","background-attachment":"scroll","background-type":"","background-media":"","overlay-type":"","overlay-color":"","overlay-opacity":"","overlay-gradient":""},"mobile":{"background-color":"var(--ast-global-color-5)","background-image":"","background-repeat":"repeat","background-position":"center center","background-size":"auto","background-attachment":"scroll","background-type":"","background-media":"","overlay-type":"","overlay-color":"","overlay-opacity":"","overlay-gradient":""}}},"product_brand":[],"product_cat":[35],"product_tag":[105,45,41],"class_list":{"0":"post-841","1":"product","2":"type-product","3":"status-publish","4":"has-post-thumbnail","6":"product_cat-malbuecher","7":"product_tag-affirmationen","8":"product_tag-ausmalen","9":"product_tag-vorschule","10":"desktop-align-left","11":"tablet-align-left","12":"mobile-align-left","14":"first","15":"instock","16":"shipping-taxable","17":"product-type-external"},"acf":[],"yoast_head":"<!-- This site is optimized with the Yoast SEO plugin v26.9 - https:\/\/yoast.com\/product\/yoast-seo-wordpress\/ -->\n<title>Positive Affirmationen Malbuch f\u00fcr Kinder - Happy Little Llama<\/title>\n<meta name=\"robots\" content=\"index, follow, max-snippet:-1, max-image-preview:large, max-video-preview:-1\" \/>\n<link rel=\"canonical\" href=\"https:\/\/happy-little-llama.com\/de\/buch\/positive-affirmationen-malbuch\/\" \/>\n<meta property=\"og:locale\" content=\"de_DE\" \/>\n<meta property=\"og:type\" content=\"article\" \/>\n<meta property=\"og:title\" content=\"Positive Affirmationen Malbuch f\u00fcr Kinder - Happy Little Llama\" \/>\n<meta property=\"og:description\" content=\"Malbuch mit 20 st\u00e4rkenden Affirmationen f\u00fcr Kinder und Jugendliche\" \/>\n<meta property=\"og:url\" content=\"https:\/\/happy-little-llama.com\/de\/buch\/positive-affirmationen-malbuch\/\" \/>\n<meta property=\"og:site_name\" content=\"Happy Little Llama\" \/>\n<meta property=\"article:publisher\" content=\"https:\/\/www.facebook.com\/HLLbooks\" \/>\n<meta property=\"article:modified_time\" content=\"2024-03-18T09:28:11+00:00\" \/>\n<meta property=\"og:image\" content=\"https:\/\/happy-little-llama.com\/wp-content\/uploads\/2024\/03\/positive-affirmations-coloring-book-cover-01.jpg\" \/>\n\t<meta property=\"og:image:width\" content=\"600\" \/>\n\t<meta property=\"og:image:height\" content=\"600\" \/>\n\t<meta property=\"og:image:type\" content=\"image\/jpeg\" \/>\n<meta name=\"twitter:card\" content=\"summary_large_image\" \/>\n<meta name=\"twitter:label1\" content=\"Gesch\u00e4tzte Lesezeit\" \/>\n\t<meta name=\"twitter:data1\" content=\"1\u00a0Minute\" \/>\n<script type=\"application\/ld+json\" class=\"yoast-schema-graph\">{\"@context\":\"https:\/\/schema.org\",\"@graph\":[{\"@type\":\"WebPage\",\"@id\":\"https:\/\/happy-little-llama.com\/de\/buch\/positive-affirmationen-malbuch\/\",\"url\":\"https:\/\/happy-little-llama.com\/de\/buch\/positive-affirmationen-malbuch\/\",\"name\":\"Positive Affirmationen Malbuch f\u00fcr Kinder - Happy Little Llama\",\"isPartOf\":{\"@id\":\"https:\/\/happy-little-llama.com\/de\/#website\"},\"primaryImageOfPage\":{\"@id\":\"https:\/\/happy-little-llama.com\/de\/buch\/positive-affirmationen-malbuch\/#primaryimage\"},\"image\":{\"@id\":\"https:\/\/happy-little-llama.com\/de\/buch\/positive-affirmationen-malbuch\/#primaryimage\"},\"thumbnailUrl\":\"https:\/\/happy-little-llama.com\/wp-content\/uploads\/2024\/03\/positive-affirmations-coloring-book-cover-01-de.jpg\",\"datePublished\":\"2024-03-18T09:25:23+00:00\",\"dateModified\":\"2024-03-18T09:28:11+00:00\",\"breadcrumb\":{\"@id\":\"https:\/\/happy-little-llama.com\/de\/buch\/positive-affirmationen-malbuch\/#breadcrumb\"},\"inLanguage\":\"de\",\"potentialAction\":[{\"@type\":\"ReadAction\",\"target\":[\"https:\/\/happy-little-llama.com\/de\/buch\/positive-affirmationen-malbuch\/\"]}]},{\"@type\":\"ImageObject\",\"inLanguage\":\"de\",\"@id\":\"https:\/\/happy-little-llama.com\/de\/buch\/positive-affirmationen-malbuch\/#primaryimage\",\"url\":\"https:\/\/happy-little-llama.com\/wp-content\/uploads\/2024\/03\/positive-affirmations-coloring-book-cover-01-de.jpg\",\"contentUrl\":\"https:\/\/happy-little-llama.com\/wp-content\/uploads\/2024\/03\/positive-affirmations-coloring-book-cover-01-de.jpg\",\"width\":600,\"height\":600,\"caption\":\"Positive Affirmationen Malbuch f\u00fcr Kinder Vorderseite\"},{\"@type\":\"BreadcrumbList\",\"@id\":\"https:\/\/happy-little-llama.com\/de\/buch\/positive-affirmationen-malbuch\/#breadcrumb\",\"itemListElement\":[{\"@type\":\"ListItem\",\"position\":1,\"name\":\"Startseite\",\"item\":\"https:\/\/happy-little-llama.com\/de\/\"},{\"@type\":\"ListItem\",\"position\":2,\"name\":\"Unsere B\u00fccher\",\"item\":\"https:\/\/happy-little-llama.com\/de\/unsere-buecher\/\"},{\"@type\":\"ListItem\",\"position\":3,\"name\":\"Positive Affirmationen Malbuch f\u00fcr Kinder\"}]},{\"@type\":\"WebSite\",\"@id\":\"https:\/\/happy-little-llama.com\/de\/#website\",\"url\":\"https:\/\/happy-little-llama.com\/de\/\",\"name\":\"Happy Little Llama\",\"description\":\"B\u00fccher f\u00fcr Kinder &amp; Jugendliche zum Ausmalen, Lernen und Kreativsein\",\"publisher\":{\"@id\":\"https:\/\/happy-little-llama.com\/de\/#organization\"},\"potentialAction\":[{\"@type\":\"SearchAction\",\"target\":{\"@type\":\"EntryPoint\",\"urlTemplate\":\"https:\/\/happy-little-llama.com\/de\/?s={search_term_string}\"},\"query-input\":{\"@type\":\"PropertyValueSpecification\",\"valueRequired\":true,\"valueName\":\"search_term_string\"}}],\"inLanguage\":\"de\"},{\"@type\":\"Organization\",\"@id\":\"https:\/\/happy-little-llama.com\/de\/#organization\",\"name\":\"Happy Little Llama\",\"url\":\"https:\/\/happy-little-llama.com\/de\/\",\"logo\":{\"@type\":\"ImageObject\",\"inLanguage\":\"de\",\"@id\":\"https:\/\/happy-little-llama.com\/de\/#\/schema\/logo\/image\/\",\"url\":\"https:\/\/happy-little-llama.com\/wp-content\/uploads\/2022\/09\/Happy-Little-Lama-Logo-ohne-Text.png\",\"contentUrl\":\"https:\/\/happy-little-llama.com\/wp-content\/uploads\/2022\/09\/Happy-Little-Lama-Logo-ohne-Text.png\",\"width\":777,\"height\":778,\"caption\":\"Happy Little Llama\"},\"image\":{\"@id\":\"https:\/\/happy-little-llama.com\/de\/#\/schema\/logo\/image\/\"},\"sameAs\":[\"https:\/\/www.facebook.com\/HLLbooks\"]}]}<\/script>\n<!-- \/ Yoast SEO plugin. -->","yoast_head_json":{"title":"Positive Affirmationen Malbuch f\u00fcr Kinder - Happy Little Llama","robots":{"index":"index","follow":"follow","max-snippet":"max-snippet:-1","max-image-preview":"max-image-preview:large","max-video-preview":"max-video-preview:-1"},"canonical":"https:\/\/happy-little-llama.com\/de\/buch\/positive-affirmationen-malbuch\/","og_locale":"de_DE","og_type":"article","og_title":"Positive Affirmationen Malbuch f\u00fcr Kinder - Happy Little Llama","og_description":"Malbuch mit 20 st\u00e4rkenden Affirmationen f\u00fcr Kinder und Jugendliche","og_url":"https:\/\/happy-little-llama.com\/de\/buch\/positive-affirmationen-malbuch\/","og_site_name":"Happy Little Llama","article_publisher":"https:\/\/www.facebook.com\/HLLbooks","article_modified_time":"2024-03-18T09:28:11+00:00","og_image":[{"width":600,"height":600,"url":"https:\/\/happy-little-llama.com\/wp-content\/uploads\/2024\/03\/positive-affirmations-coloring-book-cover-01.jpg","type":"image\/jpeg"}],"twitter_card":"summary_large_image","twitter_misc":{"Gesch\u00e4tzte Lesezeit":"1\u00a0Minute"},"schema":{"@context":"https:\/\/schema.org","@graph":[{"@type":"WebPage","@id":"https:\/\/happy-little-llama.com\/de\/buch\/positive-affirmationen-malbuch\/","url":"https:\/\/happy-little-llama.com\/de\/buch\/positive-affirmationen-malbuch\/","name":"Positive Affirmationen Malbuch f\u00fcr Kinder - Happy Little Llama","isPartOf":{"@id":"https:\/\/happy-little-llama.com\/de\/#website"},"primaryImageOfPage":{"@id":"https:\/\/happy-little-llama.com\/de\/buch\/positive-affirmationen-malbuch\/#primaryimage"},"image":{"@id":"https:\/\/happy-little-llama.com\/de\/buch\/positive-affirmationen-malbuch\/#primaryimage"},"thumbnailUrl":"https:\/\/happy-little-llama.com\/wp-content\/uploads\/2024\/03\/positive-affirmations-coloring-book-cover-01-de.jpg","datePublished":"2024-03-18T09:25:23+00:00","dateModified":"2024-03-18T09:28:11+00:00","breadcrumb":{"@id":"https:\/\/happy-little-llama.com\/de\/buch\/positive-affirmationen-malbuch\/#breadcrumb"},"inLanguage":"de","potentialAction":[{"@type":"ReadAction","target":["https:\/\/happy-little-llama.com\/de\/buch\/positive-affirmationen-malbuch\/"]}]},{"@type":"ImageObject","inLanguage":"de","@id":"https:\/\/happy-little-llama.com\/de\/buch\/positive-affirmationen-malbuch\/#primaryimage","url":"https:\/\/happy-little-llama.com\/wp-content\/uploads\/2024\/03\/positive-affirmations-coloring-book-cover-01-de.jpg","contentUrl":"https:\/\/happy-little-llama.com\/wp-content\/uploads\/2024\/03\/positive-affirmations-coloring-book-cover-01-de.jpg","width":600,"height":600,"caption":"Positive Affirmationen Malbuch f\u00fcr Kinder Vorderseite"},{"@type":"BreadcrumbList","@id":"https:\/\/happy-little-llama.com\/de\/buch\/positive-affirmationen-malbuch\/#breadcrumb","itemListElement":[{"@type":"ListItem","position":1,"name":"Startseite","item":"https:\/\/happy-little-llama.com\/de\/"},{"@type":"ListItem","position":2,"name":"Unsere B\u00fccher","item":"https:\/\/happy-little-llama.com\/de\/unsere-buecher\/"},{"@type":"ListItem","position":3,"name":"Positive Affirmationen Malbuch f\u00fcr Kinder"}]},{"@type":"WebSite","@id":"https:\/\/happy-little-llama.com\/de\/#website","url":"https:\/\/happy-little-llama.com\/de\/","name":"Happy Little Llama","description":"B\u00fccher f\u00fcr Kinder &amp; Jugendliche zum Ausmalen, Lernen und Kreativsein","publisher":{"@id":"https:\/\/happy-little-llama.com\/de\/#organization"},"potentialAction":[{"@type":"SearchAction","target":{"@type":"EntryPoint","urlTemplate":"https:\/\/happy-little-llama.com\/de\/?s={search_term_string}"},"query-input":{"@type":"PropertyValueSpecification","valueRequired":true,"valueName":"search_term_string"}}],"inLanguage":"de"},{"@type":"Organization","@id":"https:\/\/happy-little-llama.com\/de\/#organization","name":"Happy Little Llama","url":"https:\/\/happy-little-llama.com\/de\/","logo":{"@type":"ImageObject","inLanguage":"de","@id":"https:\/\/happy-little-llama.com\/de\/#\/schema\/logo\/image\/","url":"https:\/\/happy-little-llama.com\/wp-content\/uploads\/2022\/09\/Happy-Little-Lama-Logo-ohne-Text.png","contentUrl":"https:\/\/happy-little-llama.com\/wp-content\/uploads\/2022\/09\/Happy-Little-Lama-Logo-ohne-Text.png","width":777,"height":778,"caption":"Happy Little Llama"},"image":{"@id":"https:\/\/happy-little-llama.com\/de\/#\/schema\/logo\/image\/"},"sameAs":["https:\/\/www.facebook.com\/HLLbooks"]}]}},"_links":{"self":[{"href":"https:\/\/happy-little-llama.com\/de\/wp-json\/wp\/v2\/product\/841","targetHints":{"allow":["GET"]}}],"collection":[{"href":"https:\/\/happy-little-llama.com\/de\/wp-json\/wp\/v2\/product"}],"about":[{"href":"https:\/\/happy-little-llama.com\/de\/wp-json\/wp\/v2\/types\/product"}],"wp:featuredmedia":[{"embeddable":true,"href":"https:\/\/happy-little-llama.com\/de\/wp-json\/wp\/v2\/media\/836"}],"wp:attachment":[{"href":"https:\/\/happy-little-llama.com\/de\/wp-json\/wp\/v2\/media?parent=841"}],"wp:term":[{"taxonomy":"product_brand","embeddable":true,"href":"https:\/\/happy-little-llama.com\/de\/wp-json\/wp\/v2\/product_brand?post=841"},{"taxonomy":"product_cat","embeddable":true,"href":"https:\/\/happy-little-llama.com\/de\/wp-json\/wp\/v2\/product_cat?post=841"},{"taxonomy":"product_tag","embeddable":true,"href":"https:\/\/happy-little-llama.com\/de\/wp-json\/wp\/v2\/product_tag?post=841"}],"curies":[{"name":"wp","href":"https:\/\/api.w.org\/{rel}","templated":true}]}}